{"id":89,"date":"2022-04-06T15:23:56","date_gmt":"2022-04-06T15:23:56","guid":{"rendered":"https:\/\/www.isdv.net\/?page_id=89"},"modified":"2025-10-13T12:11:10","modified_gmt":"2025-10-13T10:11:10","slug":"mythos_1","status":"publish","type":"page","link":"https:\/\/www.isdv.net\/en\/mythos_1\/","title":{"rendered":"Mythos 1"},"content":{"rendered":"<div data-elementor-type=\"wp-page\" data-elementor-id=\"89\" class=\"elementor elementor-89\" data-elementor-post-type=\"page\">\n\t\t\t\t\t\t<section class=\"ob-is-breaking-bad elementor-section elementor-top-section elementor-element elementor-element-eefa8db elementor-section-boxed elementor-section-height-default elementor-section-height-default\" data-id=\"eefa8db\" data-element_type=\"section\" data-settings=\"{&quot;jet_parallax_layout_list&quot;:[],&quot;_ob_bbad_use_it&quot;:&quot;yes&quot;,&quot;_ob_bbad_sssic_use&quot;:&quot;no&quot;}\">\n\t\t\t\t\t\t<div class=\"elementor-container elementor-column-gap-default\">\n\t\t\t\t\t<div class=\"elementor-column elementor-col-100 elementor-top-column elementor-element elementor-element-7566b92\" data-id=\"7566b92\" data-element_type=\"column\" data-settings=\"{&quot;_ob_bbad_is_stalker&quot;:&quot;no&quot;}\">\n\t\t\t<div class=\"elementor-widget-wrap elementor-element-populated\">\n\t\t\t\t\t\t<div class=\"elementor-element elementor-element-37303ab elementor-widget elementor-widget-image\" data-id=\"37303ab\" data-element_type=\"widget\" data-widget_type=\"image.default\">\n\t\t\t\t<div class=\"elementor-widget-container\">\n\t\t\t\t\t\t\t\t\t\t\t\t\t\t\t<img fetchpriority=\"high\" decoding=\"async\" width=\"300\" height=\"300\" src=\"https:\/\/www.isdv.net\/wp-content\/uploads\/Mythen_der_VAW-300x300.png\" class=\"attachment-medium size-medium wp-image-5913\" alt=\"\" srcset=\"https:\/\/www.isdv.net\/wp-content\/uploads\/Mythen_der_VAW-300x300.png 300w, https:\/\/www.isdv.net\/wp-content\/uploads\/Mythen_der_VAW-1024x1024.png 1024w, https:\/\/www.isdv.net\/wp-content\/uploads\/Mythen_der_VAW-150x150.png 150w, https:\/\/www.isdv.net\/wp-content\/uploads\/Mythen_der_VAW-768x768.png 768w, https:\/\/www.isdv.net\/wp-content\/uploads\/Mythen_der_VAW-1536x1536.png 1536w, https:\/\/www.isdv.net\/wp-content\/uploads\/Mythen_der_VAW-12x12.png 12w, https:\/\/www.isdv.net\/wp-content\/uploads\/Mythen_der_VAW-1320x1320.png 1320w, https:\/\/www.isdv.net\/wp-content\/uploads\/elementor\/thumbs\/Mythen_der_VAW-rcut9va3vqd57x3s9ygc2pf4lo8m0vnpsl18o8txu0.png 500w, https:\/\/www.isdv.net\/wp-content\/uploads\/elementor\/thumbs\/Mythen_der_VAW-rcut9va2nvkplwy1v1l5ymkrkc0zd4fzwsg2iucpsw.png 400w, https:\/\/www.isdv.net\/wp-content\/uploads\/Mythen_der_VAW.png 1920w\" sizes=\"(max-width: 300px) 100vw, 300px\" \/>\t\t\t\t\t\t\t\t\t\t\t\t\t\t\t<\/div>\n\t\t\t\t<\/div>\n\t\t\t\t<div class=\"elementor-element elementor-element-a9e3308 elementor-widget elementor-widget-heading\" data-id=\"a9e3308\" data-element_type=\"widget\" data-widget_type=\"heading.default\">\n\t\t\t\t<div class=\"elementor-widget-container\">\n\t\t\t\t\t<h2 class=\"elementor-heading-title elementor-size-default\"><br>Mythos 1<\/h2>\t\t\t\t<\/div>\n\t\t\t\t<\/div>\n\t\t\t\t\t<\/div>\n\t\t<\/div>\n\t\t\t\t\t<\/div>\n\t\t<\/section>\n\t\t\t\t<section class=\"ob-is-breaking-bad elementor-section elementor-top-section elementor-element elementor-element-112e4ee elementor-section-boxed elementor-section-height-default elementor-section-height-default\" data-id=\"112e4ee\" data-element_type=\"section\" data-settings=\"{&quot;jet_parallax_layout_list&quot;:[],&quot;_ob_bbad_use_it&quot;:&quot;yes&quot;,&quot;_ob_bbad_sssic_use&quot;:&quot;no&quot;}\">\n\t\t\t\t\t\t<div class=\"elementor-container elementor-column-gap-default\">\n\t\t\t\t\t<div class=\"elementor-column elementor-col-100 elementor-top-column elementor-element elementor-element-df51325\" data-id=\"df51325\" data-element_type=\"column\" data-settings=\"{&quot;_ob_bbad_is_stalker&quot;:&quot;no&quot;}\">\n\t\t\t<div class=\"elementor-widget-wrap elementor-element-populated\">\n\t\t\t\t\t\t<div class=\"elementor-element elementor-element-627d141 elementor-widget__width-initial elementor-widget elementor-widget-text-editor\" data-id=\"627d141\" data-element_type=\"widget\" data-widget_type=\"text-editor.default\">\n\t\t\t\t<div class=\"elementor-widget-container\">\n\t\t\t\t\t\t\t\t\t<p>\u00a0<span data-contrast=\"auto\">&#8222;Anreisen zum Job darfst Du nur mit den Kilometerpauschalen, die das Finanzamt vorgibt,\u00a0<\/span><span data-contrast=\"auto\">in Rechnung stellen<\/span><span data-contrast=\"auto\">\u00a0(0,30 EUR bzw.\u00a0<\/span><span data-contrast=\"auto\">0,38 EUR).&#8220;<\/span>\u00a0\u00a0<\/p><p><span data-contrast=\"auto\">\u00a0<\/span><\/p><p><span data-contrast=\"auto\"><span style=\"text-decoration: underline;\"><strong>S<\/strong><\/span><b><u>timmt nicht.\u00a0<\/u><\/b><\/span>\u00a0<br \/><span data-contrast=\"auto\">Diese sogenannte Kilometerpauschale\u00a0<\/span><span data-contrast=\"auto\">nach \u00a79\u00a0EKStG\u00a0<\/span><span data-contrast=\"auto\">gilt NUR f\u00fcr Angestellte eines Unternehmens, die eine beruflich bedingte Fahrt mit dem PRIVATEN PKW machen mussten. F\u00fcr nichts anderes.<\/span> <span data-teams=\"true\">Selbst\u00e4ndige nutzen diesen Wert, wenn sie ein nicht betriebliches Fahrzeug f\u00fcr einen eigenen Arbeitseinsatz verwenden. Aber nur intern innerhalb der eigenen Unternehmung gegen\u00fcber der Steuer.<\/span><\/p><p><span data-contrast=\"auto\">Du als selbst\u00e4ndiger Unternehmer:in berechnest die tats\u00e4chlichen bzw. von Dir h\u00f6chst selbst festgelegten Preise pro Km. Abh\u00e4ngig von Deinem Fahrzeug, der Versicherung, dem Kraftstoffverbrauch und dem Kraftstoffpreis liegt man realistisch meist im Bereich von 55 bis 90 Cent pro Km. Du darfst auch 2 Euro pro KM in Rechnung stellen. Auftraggeber und Auftragnehmer m\u00fcssen sich auf einen Betrag einigen. Es gibt keine gesetzliche Vorgabe oder Richtwert.<\/span>\u00a0<\/p><p><span style=\"text-decoration: underline;\">Tipp f\u00fcr Dein Angebot:<\/span>\u00a0<\/p><p>Berechne die ungef\u00e4hren Kilometer mit Hilfe von Google-Maps oder \u00e4hnlichen Seiten und mache daraus eine Pauschale. Das hilft Deinem Auftraggeber, die Kosten stabil zu halten und Dir erspart es Diskussionen.<\/p>\t\t\t\t\t\t\t\t<\/div>\n\t\t\t\t<\/div>\n\t\t\t\t\t<\/div>\n\t\t<\/div>\n\t\t\t\t\t<\/div>\n\t\t<\/section>\n\t\t\t\t<section class=\"ob-is-breaking-bad elementor-section elementor-top-section elementor-element elementor-element-4f2ef94 elementor-section-boxed elementor-section-height-default elementor-section-height-default\" data-id=\"4f2ef94\" data-element_type=\"section\" data-settings=\"{&quot;jet_parallax_layout_list&quot;:[],&quot;_ob_bbad_use_it&quot;:&quot;yes&quot;,&quot;_ob_bbad_sssic_use&quot;:&quot;no&quot;}\">\n\t\t\t\t\t\t<div class=\"elementor-container elementor-column-gap-default\">\n\t\t\t\t\t<div class=\"elementor-column elementor-col-100 elementor-top-column elementor-element elementor-element-b552345\" data-id=\"b552345\" data-element_type=\"column\" data-settings=\"{&quot;_ob_bbad_is_stalker&quot;:&quot;no&quot;}\">\n\t\t\t<div class=\"elementor-widget-wrap\">\n\t\t\t\t\t\t\t<\/div>\n\t\t<\/div>\n\t\t\t\t\t<\/div>\n\t\t<\/section>\n\t\t\t\t<\/div>","protected":false},"excerpt":{"rendered":"<p>Mythos 1 \u00a0&#8222;Anreisen zum Job darfst Du nur mit den Kilometerpauschalen, die das Finanzamt vorgibt,\u00a0in Rechnung stellen\u00a0(0,30 EUR bzw.\u00a00,38 EUR).&#8220;\u00a0\u00a0 \u00a0 Stimmt nicht.\u00a0\u00a0Diese sogenannte Kilometerpauschale\u00a0nach \u00a79\u00a0EKStG\u00a0gilt NUR f\u00fcr Angestellte eines Unternehmens, die eine beruflich bedingte Fahrt mit dem PRIVATEN PKW machen mussten. F\u00fcr nichts anderes. Selbst\u00e4ndige nutzen diesen Wert, wenn sie ein nicht betriebliches Fahrzeug [&hellip;]<\/p>\n","protected":false},"author":8,"featured_media":0,"parent":0,"menu_order":0,"comment_status":"closed","ping_status":"closed","template":"","meta":{"_acf_changed":false,"footnotes":""},"class_list":["post-89","page","type-page","status-publish","hentry"],"acf":[],"_links":{"self":[{"href":"https:\/\/www.isdv.net\/en\/wp-json\/wp\/v2\/pages\/89","targetHints":{"allow":["GET"]}}],"collection":[{"href":"https:\/\/www.isdv.net\/en\/wp-json\/wp\/v2\/pages"}],"about":[{"href":"https:\/\/www.isdv.net\/en\/wp-json\/wp\/v2\/types\/page"}],"author":[{"embeddable":true,"href":"https:\/\/www.isdv.net\/en\/wp-json\/wp\/v2\/users\/8"}],"replies":[{"embeddable":true,"href":"https:\/\/www.isdv.net\/en\/wp-json\/wp\/v2\/comments?post=89"}],"version-history":[{"count":19,"href":"https:\/\/www.isdv.net\/en\/wp-json\/wp\/v2\/pages\/89\/revisions"}],"predecessor-version":[{"id":5925,"href":"https:\/\/www.isdv.net\/en\/wp-json\/wp\/v2\/pages\/89\/revisions\/5925"}],"wp:attachment":[{"href":"https:\/\/www.isdv.net\/en\/wp-json\/wp\/v2\/media?parent=89"}],"curies":[{"name":"wp","href":"https:\/\/api.w.org\/{rel}","templated":true}]}}