{"id":5792,"date":"2025-09-11T13:18:32","date_gmt":"2025-09-11T11:18:32","guid":{"rendered":"https:\/\/www.isdv.net\/?page_id=5792"},"modified":"2025-09-11T13:24:05","modified_gmt":"2025-09-11T11:24:05","slug":"mythos_10","status":"publish","type":"page","link":"https:\/\/www.isdv.net\/en\/mythos_10\/","title":{"rendered":"Mythos 10"},"content":{"rendered":"<div data-elementor-type=\"wp-page\" data-elementor-id=\"5792\" class=\"elementor elementor-5792\" data-elementor-post-type=\"page\">\n\t\t\t\t\t\t<section class=\"ob-is-breaking-bad elementor-section elementor-top-section elementor-element elementor-element-eefa8db elementor-section-boxed elementor-section-height-default elementor-section-height-default\" data-id=\"eefa8db\" data-element_type=\"section\" data-settings=\"{&quot;jet_parallax_layout_list&quot;:[],&quot;_ob_bbad_use_it&quot;:&quot;yes&quot;,&quot;_ob_bbad_sssic_use&quot;:&quot;no&quot;}\">\n\t\t\t\t\t\t<div class=\"elementor-container elementor-column-gap-default\">\n\t\t\t\t\t<div class=\"elementor-column elementor-col-100 elementor-top-column elementor-element elementor-element-7566b92\" data-id=\"7566b92\" data-element_type=\"column\" data-settings=\"{&quot;_ob_bbad_is_stalker&quot;:&quot;no&quot;}\">\n\t\t\t<div class=\"elementor-widget-wrap elementor-element-populated\">\n\t\t\t\t\t\t<div class=\"elementor-element elementor-element-a56bcab elementor-widget elementor-widget-image\" data-id=\"a56bcab\" data-element_type=\"widget\" data-widget_type=\"image.default\">\n\t\t\t\t<div class=\"elementor-widget-container\">\n\t\t\t\t\t\t\t\t\t\t\t\t\t\t\t<img fetchpriority=\"high\" decoding=\"async\" width=\"300\" height=\"300\" src=\"https:\/\/www.isdv.net\/wp-content\/uploads\/Mythen_der_VAW-300x300.png\" class=\"attachment-medium size-medium wp-image-5913\" alt=\"\" srcset=\"https:\/\/www.isdv.net\/wp-content\/uploads\/Mythen_der_VAW-300x300.png 300w, https:\/\/www.isdv.net\/wp-content\/uploads\/Mythen_der_VAW-1024x1024.png 1024w, https:\/\/www.isdv.net\/wp-content\/uploads\/Mythen_der_VAW-150x150.png 150w, https:\/\/www.isdv.net\/wp-content\/uploads\/Mythen_der_VAW-768x768.png 768w, https:\/\/www.isdv.net\/wp-content\/uploads\/Mythen_der_VAW-1536x1536.png 1536w, https:\/\/www.isdv.net\/wp-content\/uploads\/Mythen_der_VAW-12x12.png 12w, https:\/\/www.isdv.net\/wp-content\/uploads\/Mythen_der_VAW-1320x1320.png 1320w, https:\/\/www.isdv.net\/wp-content\/uploads\/elementor\/thumbs\/Mythen_der_VAW-rcut9va3vqd57x3s9ygc2pf4lo8m0vnpsl18o8txu0.png 500w, https:\/\/www.isdv.net\/wp-content\/uploads\/elementor\/thumbs\/Mythen_der_VAW-rcut9va2nvkplwy1v1l5ymkrkc0zd4fzwsg2iucpsw.png 400w, https:\/\/www.isdv.net\/wp-content\/uploads\/Mythen_der_VAW.png 1920w\" sizes=\"(max-width: 300px) 100vw, 300px\" \/>\t\t\t\t\t\t\t\t\t\t\t\t\t\t\t<\/div>\n\t\t\t\t<\/div>\n\t\t\t\t<div class=\"elementor-element elementor-element-a9e3308 elementor-widget elementor-widget-heading\" data-id=\"a9e3308\" data-element_type=\"widget\" data-widget_type=\"heading.default\">\n\t\t\t\t<div class=\"elementor-widget-container\">\n\t\t\t\t\t<h2 class=\"elementor-heading-title elementor-size-default\"><br>\nMythos 10<\/h2>\t\t\t\t<\/div>\n\t\t\t\t<\/div>\n\t\t\t\t\t<\/div>\n\t\t<\/div>\n\t\t\t\t\t<\/div>\n\t\t<\/section>\n\t\t\t\t<section class=\"ob-is-breaking-bad elementor-section elementor-top-section elementor-element elementor-element-112e4ee elementor-section-boxed elementor-section-height-default elementor-section-height-default\" data-id=\"112e4ee\" data-element_type=\"section\" data-settings=\"{&quot;jet_parallax_layout_list&quot;:[],&quot;_ob_bbad_use_it&quot;:&quot;yes&quot;,&quot;_ob_bbad_sssic_use&quot;:&quot;no&quot;}\">\n\t\t\t\t\t\t<div class=\"elementor-container elementor-column-gap-default\">\n\t\t\t\t\t<div class=\"elementor-column elementor-col-100 elementor-top-column elementor-element elementor-element-df51325\" data-id=\"df51325\" data-element_type=\"column\" data-settings=\"{&quot;_ob_bbad_is_stalker&quot;:&quot;no&quot;}\">\n\t\t\t<div class=\"elementor-widget-wrap elementor-element-populated\">\n\t\t\t\t\t\t<div class=\"elementor-element elementor-element-627d141 elementor-widget__width-initial elementor-widget elementor-widget-text-editor\" data-id=\"627d141\" data-element_type=\"widget\" data-widget_type=\"text-editor.default\">\n\t\t\t\t<div class=\"elementor-widget-container\">\n\t\t\t\t\t\t\t\t\t<p><span data-contrast=\"auto\">&#8222;Ich brauche unbedingt AGB.&#8220;<\/span>&nbsp;<\/p>\n<p><span style=\"text-decoration: underline;\"><strong>Stimmt nicht.&nbsp;<\/strong><\/span><\/p>\n<p>AGB sind allgemeine Gesch\u00e4ftsbedingungen, weil sie f\u00fcr einen\nunbestimmten, allgemeinen und weitgehend unbekannten Kundenkreis regeln sollen,\nwie es sich mit bestimmten Dingen verh\u00e4lt. Sie regeln Haftung, Umtausch,\nBezahlung, Eigentumswechsel sowie eventuell Preise f\u00fcr Extraleistungen oder\nAusschl\u00fcsse.<br>\nAll das machen wir als selbstst\u00e4ndige Dienstleister:innen nicht. Wir haben\nimmer sehr konkrete Auftragsverh\u00e4ltnisse, die sich auch immer ein wenig\nunterscheiden. Deshalb machen AGB f\u00fcr Dienstleister:innen wenig Sinn, wenn man\nnur im B2B aktiv ist, also keine oder nur selten Privatkunden bedient.<br>\nWenn ich Leistungspakete (z.B. \u201e1x Technik f\u00fcr Hochzeit komplett\u201c) oder\nGegenst\u00e4nde z.B. \u00fcber eine Internetseite verkaufe, ohne mit dem K\u00e4ufer vorab\ndar\u00fcber zu sprechen, machen AGB durchaus Sinn \u2013 m\u00f6glicherweise auch nur mit\ndarauf beschr\u00e4nktem Geltungsbereich.<br>\nIm B2B-Gesch\u00e4ft von Veranstaltungen sind die Absprachen meist sehr detailliert.\nDie Sondervereinbarungen schreibt man in das Angebot und regelt dar\u00fcber alles\nN\u00f6tige.<br>\nAGB wirken immer wie eine Bedrohung. Auftraggeber wollen nicht ihren Anwalt\naktivieren, um Deine AGB zu pr\u00fcfen. Im Zweifel, wenn es vor Gericht geht,\ngelten meist die des Auftraggebers. Zudem m\u00fcssen AGB regelkonform formuliert\nsein. Du m\u00fcsstest sie f\u00fcr jeden neuen Auftrag anpassen. Im Zweifel gelten sie\neh wegen Formfehlern nicht. Du brauchst also auf jeden Fall einen Anwalt daf\u00fcr.<br>\nDeshalb empfiehlt die ISDV, keine AGB zu erstellen, unter Beachtung der oben\ngenannten Ausnahmen. Viel besser und klarer sind Textbausteine, die Du Dir\nvorformulierst und dann immer nach Bedarf in Dein Angebot einf\u00fcgst.<br>\nTypische Punkte w\u00e4ren zum Beispiel:<o:p><\/o:p><\/p><ul style=\"margin-top:0cm\" type=\"disc\">\n <li>Hotel\n     muss gestellt werden.<o:p><\/o:p><\/li>\n <li>Ab 8\n     Stunden Arbeitszeit berechne ich Auftragsmehrungen wie folgt: \u2026<o:p><\/o:p><\/li>\n <li>Reisekosten\n     werden nach tats\u00e4chlichem Aufwand berechnet.<o:p><\/o:p><\/li>\n <li>Der\n     Auftraggeber hat 3 vollwertige Mahlzeiten, mindestens 2 davon warme\n     Mahlzeiten, zu stellen. Fastfood gilt nicht als vollwertig.<o:p><\/o:p><\/li>\n <li>Parkplatz\n     mit Ladem\u00f6glichkeit (xxx kVA) ist zu stellen.<o:p><\/o:p><\/li>\n <li>\u2026<o:p><\/o:p><\/li>\n<\/ul><p>\n\n\n\n<\/p><p>Jede\/r wie er\/sie mag und f\u00fcr sinnvoll erachtet. Auch hier\ngibt es keine Regeln oder allgemeing\u00fcltigen Vereinbarungen. Es ist immer\nVerhandlungsmasse. Man muss sich mit dem Auftraggebenden auf die Details\neinigen.<br><br>\n<b><i>Umgekehrt gilt dies genauso.<\/i><\/b> Dein Auftraggeber will\nm\u00f6glicherweise seine AGB verankert haben. Dagegen spricht auch nichts, solange\nDu die Dir wichtigen Punkte mit dem Auftraggeber in der Beauftragung regelst.\nDie individuelle Vereinbarung der Beauftragung schl\u00e4gt die AGB. Also keine\nAngst vor \u201egegnerischen\u201c AGB.<o:p><\/o:p><\/p>\t\t\t\t\t\t\t\t<\/div>\n\t\t\t\t<\/div>\n\t\t\t\t\t<\/div>\n\t\t<\/div>\n\t\t\t\t\t<\/div>\n\t\t<\/section>\n\t\t\t\t<\/div>","protected":false},"excerpt":{"rendered":"<p>Mythos 10 &#8222;Ich brauche unbedingt AGB.&#8220;&nbsp; Stimmt nicht.&nbsp; AGB sind allgemeine Gesch\u00e4ftsbedingungen, weil sie f\u00fcr einen unbestimmten, allgemeinen und weitgehend unbekannten Kundenkreis regeln sollen, wie es sich mit bestimmten Dingen verh\u00e4lt. Sie regeln Haftung, Umtausch, Bezahlung, Eigentumswechsel sowie eventuell Preise f\u00fcr Extraleistungen oder Ausschl\u00fcsse. All das machen wir als selbstst\u00e4ndige Dienstleister:innen nicht. Wir haben immer [&hellip;]<\/p>\n","protected":false},"author":5,"featured_media":0,"parent":0,"menu_order":0,"comment_status":"closed","ping_status":"closed","template":"","meta":{"_acf_changed":false,"footnotes":""},"class_list":["post-5792","page","type-page","status-publish","hentry"],"acf":[],"_links":{"self":[{"href":"https:\/\/www.isdv.net\/en\/wp-json\/wp\/v2\/pages\/5792","targetHints":{"allow":["GET"]}}],"collection":[{"href":"https:\/\/www.isdv.net\/en\/wp-json\/wp\/v2\/pages"}],"about":[{"href":"https:\/\/www.isdv.net\/en\/wp-json\/wp\/v2\/types\/page"}],"author":[{"embeddable":true,"href":"https:\/\/www.isdv.net\/en\/wp-json\/wp\/v2\/users\/5"}],"replies":[{"embeddable":true,"href":"https:\/\/www.isdv.net\/en\/wp-json\/wp\/v2\/comments?post=5792"}],"version-history":[{"count":17,"href":"https:\/\/www.isdv.net\/en\/wp-json\/wp\/v2\/pages\/5792\/revisions"}],"predecessor-version":[{"id":6001,"href":"https:\/\/www.isdv.net\/en\/wp-json\/wp\/v2\/pages\/5792\/revisions\/6001"}],"wp:attachment":[{"href":"https:\/\/www.isdv.net\/en\/wp-json\/wp\/v2\/media?parent=5792"}],"curies":[{"name":"wp","href":"https:\/\/api.w.org\/{rel}","templated":true}]}}