{"id":5785,"date":"2025-09-11T13:14:06","date_gmt":"2025-09-11T11:14:06","guid":{"rendered":"https:\/\/www.isdv.net\/?page_id=5785"},"modified":"2025-09-11T13:17:26","modified_gmt":"2025-09-11T11:17:26","slug":"mythos_9","status":"publish","type":"page","link":"https:\/\/www.isdv.net\/en\/mythos_9\/","title":{"rendered":"Mythos 9"},"content":{"rendered":"<div data-elementor-type=\"wp-page\" data-elementor-id=\"5785\" class=\"elementor elementor-5785\" data-elementor-post-type=\"page\">\n\t\t\t\t\t\t<section class=\"ob-is-breaking-bad elementor-section elementor-top-section elementor-element elementor-element-eefa8db elementor-section-boxed elementor-section-height-default elementor-section-height-default\" data-id=\"eefa8db\" data-element_type=\"section\" data-settings=\"{&quot;jet_parallax_layout_list&quot;:[],&quot;_ob_bbad_use_it&quot;:&quot;yes&quot;,&quot;_ob_bbad_sssic_use&quot;:&quot;no&quot;}\">\n\t\t\t\t\t\t<div class=\"elementor-container elementor-column-gap-default\">\n\t\t\t\t\t<div class=\"elementor-column elementor-col-100 elementor-top-column elementor-element elementor-element-7566b92\" data-id=\"7566b92\" data-element_type=\"column\" data-settings=\"{&quot;_ob_bbad_is_stalker&quot;:&quot;no&quot;}\">\n\t\t\t<div class=\"elementor-widget-wrap elementor-element-populated\">\n\t\t\t\t\t\t<div class=\"elementor-element elementor-element-49af54f elementor-widget elementor-widget-image\" data-id=\"49af54f\" data-element_type=\"widget\" data-widget_type=\"image.default\">\n\t\t\t\t<div class=\"elementor-widget-container\">\n\t\t\t\t\t\t\t\t\t\t\t\t\t\t\t<img fetchpriority=\"high\" decoding=\"async\" width=\"300\" height=\"300\" src=\"https:\/\/www.isdv.net\/wp-content\/uploads\/Mythen_der_VAW-300x300.png\" class=\"attachment-medium size-medium wp-image-5913\" alt=\"\" srcset=\"https:\/\/www.isdv.net\/wp-content\/uploads\/Mythen_der_VAW-300x300.png 300w, https:\/\/www.isdv.net\/wp-content\/uploads\/Mythen_der_VAW-1024x1024.png 1024w, https:\/\/www.isdv.net\/wp-content\/uploads\/Mythen_der_VAW-150x150.png 150w, https:\/\/www.isdv.net\/wp-content\/uploads\/Mythen_der_VAW-768x768.png 768w, https:\/\/www.isdv.net\/wp-content\/uploads\/Mythen_der_VAW-1536x1536.png 1536w, https:\/\/www.isdv.net\/wp-content\/uploads\/Mythen_der_VAW-12x12.png 12w, https:\/\/www.isdv.net\/wp-content\/uploads\/Mythen_der_VAW-1320x1320.png 1320w, https:\/\/www.isdv.net\/wp-content\/uploads\/elementor\/thumbs\/Mythen_der_VAW-rcut9va3vqd57x3s9ygc2pf4lo8m0vnpsl18o8txu0.png 500w, https:\/\/www.isdv.net\/wp-content\/uploads\/elementor\/thumbs\/Mythen_der_VAW-rcut9va2nvkplwy1v1l5ymkrkc0zd4fzwsg2iucpsw.png 400w, https:\/\/www.isdv.net\/wp-content\/uploads\/Mythen_der_VAW.png 1920w\" sizes=\"(max-width: 300px) 100vw, 300px\" \/>\t\t\t\t\t\t\t\t\t\t\t\t\t\t\t<\/div>\n\t\t\t\t<\/div>\n\t\t\t\t<div class=\"elementor-element elementor-element-a9e3308 elementor-widget elementor-widget-heading\" data-id=\"a9e3308\" data-element_type=\"widget\" data-widget_type=\"heading.default\">\n\t\t\t\t<div class=\"elementor-widget-container\">\n\t\t\t\t\t<h2 class=\"elementor-heading-title elementor-size-default\"><br>\nMythos 9<\/h2>\t\t\t\t<\/div>\n\t\t\t\t<\/div>\n\t\t\t\t\t<\/div>\n\t\t<\/div>\n\t\t\t\t\t<\/div>\n\t\t<\/section>\n\t\t\t\t<section class=\"ob-is-breaking-bad elementor-section elementor-top-section elementor-element elementor-element-112e4ee elementor-section-boxed elementor-section-height-default elementor-section-height-default\" data-id=\"112e4ee\" data-element_type=\"section\" data-settings=\"{&quot;jet_parallax_layout_list&quot;:[],&quot;_ob_bbad_use_it&quot;:&quot;yes&quot;,&quot;_ob_bbad_sssic_use&quot;:&quot;no&quot;}\">\n\t\t\t\t\t\t<div class=\"elementor-container elementor-column-gap-default\">\n\t\t\t\t\t<div class=\"elementor-column elementor-col-100 elementor-top-column elementor-element elementor-element-df51325\" data-id=\"df51325\" data-element_type=\"column\" data-settings=\"{&quot;_ob_bbad_is_stalker&quot;:&quot;no&quot;}\">\n\t\t\t<div class=\"elementor-widget-wrap elementor-element-populated\">\n\t\t\t\t\t\t<div class=\"elementor-element elementor-element-627d141 elementor-widget__width-initial elementor-widget elementor-widget-text-editor\" data-id=\"627d141\" data-element_type=\"widget\" data-widget_type=\"text-editor.default\">\n\t\t\t\t<div class=\"elementor-widget-container\">\n\t\t\t\t\t\t\t\t\t<p><span data-contrast=\"auto\">&#8222;Wenn Du f\u00fcr uns als Subunternehmer:in arbeiten magst, musst Du eine&nbsp;<\/span> E-Mail-Adresse&nbsp;<span data-contrast=\"auto\">von uns verwenden. Du darfst nicht Deine eigene benutzen!&#8220;<\/span>&nbsp;<\/p>\n<p><span style=\"text-decoration: underline;\"><strong>Stimmt nicht.&nbsp;<\/strong><\/span><\/p>\n<p><span data-contrast=\"auto\">Es gibt keine gesetzliche Grundlage daf\u00fcr, dass Du nicht mit Deinem eigenen Telefon oder Deiner eigenen&nbsp;<\/span> E-Mail-Adresse&nbsp;<span data-contrast=\"auto\">im Auftrag eines anderen arbeiten d\u00fcrftest.<\/span>&nbsp;<\/p>\n<p><span data-contrast=\"auto\">Das Problem hat Dein Auftraggeber, wenn die Deutsche Rentenversicherung pr\u00fcft, ob die Beauftragung von Dir wirklich eine Selbst\u00e4ndigkeit darstellt oder Du doch abh\u00e4ngig besch\u00e4ftigt warst.&nbsp;<\/span>&nbsp;<\/p>\n<p><span data-contrast=\"auto\">Eine&nbsp;<\/span> E-Mail-Adresse&nbsp;<span data-contrast=\"auto\">des Auftraggebers ist dabei ein starkes Indiz f\u00fcr eine Scheinselbst\u00e4ndigkeit, genauso, wie Firmenkleidung, Visitenkarten oder ein Arbeitsplatz im Haus des Auftraggebers oder die Nennung Deiner Person als &#8222;Teil des Teams&#8220; auf der Homepage oder in sozialen Medien.&nbsp;<\/span>&nbsp;<\/p>\n<p><span data-contrast=\"auto\">Da wir alle miteinander klar kommen wollen und m\u00fcssen, solltest Du Deinen Auftraggeber in so einem Fall auf diese Gefahr hinweisen und ihm zum Beispiel anbieten, dass Du in Deiner eigenen Emailsignatur den Hinweis &#8222;im Auftrag von&#8230;.&#8220; erg\u00e4nzt, wenn Du Emails versendest, die mit dem Auftrag zu tun haben.<\/span>&nbsp;<\/p>\t\t\t\t\t\t\t\t<\/div>\n\t\t\t\t<\/div>\n\t\t\t\t\t<\/div>\n\t\t<\/div>\n\t\t\t\t\t<\/div>\n\t\t<\/section>\n\t\t\t\t<\/div>","protected":false},"excerpt":{"rendered":"<p>Mythos 9 &#8222;Wenn Du f\u00fcr uns als Subunternehmer:in arbeiten magst, musst Du eine&nbsp; E-Mail-Adresse&nbsp;von uns verwenden. Du darfst nicht Deine eigene benutzen!&#8220;&nbsp; Stimmt nicht.&nbsp; Es gibt keine gesetzliche Grundlage daf\u00fcr, dass Du nicht mit Deinem eigenen Telefon oder Deiner eigenen&nbsp; E-Mail-Adresse&nbsp;im Auftrag eines anderen arbeiten d\u00fcrftest.&nbsp; Das Problem hat Dein Auftraggeber, wenn die Deutsche Rentenversicherung [&hellip;]<\/p>\n","protected":false},"author":5,"featured_media":0,"parent":0,"menu_order":0,"comment_status":"closed","ping_status":"closed","template":"","meta":{"_acf_changed":false,"footnotes":""},"class_list":["post-5785","page","type-page","status-publish","hentry"],"acf":[],"_links":{"self":[{"href":"https:\/\/www.isdv.net\/en\/wp-json\/wp\/v2\/pages\/5785","targetHints":{"allow":["GET"]}}],"collection":[{"href":"https:\/\/www.isdv.net\/en\/wp-json\/wp\/v2\/pages"}],"about":[{"href":"https:\/\/www.isdv.net\/en\/wp-json\/wp\/v2\/types\/page"}],"author":[{"embeddable":true,"href":"https:\/\/www.isdv.net\/en\/wp-json\/wp\/v2\/users\/5"}],"replies":[{"embeddable":true,"href":"https:\/\/www.isdv.net\/en\/wp-json\/wp\/v2\/comments?post=5785"}],"version-history":[{"count":11,"href":"https:\/\/www.isdv.net\/en\/wp-json\/wp\/v2\/pages\/5785\/revisions"}],"predecessor-version":[{"id":6004,"href":"https:\/\/www.isdv.net\/en\/wp-json\/wp\/v2\/pages\/5785\/revisions\/6004"}],"wp:attachment":[{"href":"https:\/\/www.isdv.net\/en\/wp-json\/wp\/v2\/media?parent=5785"}],"curies":[{"name":"wp","href":"https:\/\/api.w.org\/{rel}","templated":true}]}}