{"id":5778,"date":"2025-09-11T12:21:00","date_gmt":"2025-09-11T10:21:00","guid":{"rendered":"https:\/\/www.isdv.net\/?page_id=5778"},"modified":"2025-12-04T18:58:25","modified_gmt":"2025-12-04T17:58:25","slug":"mythos_8","status":"publish","type":"page","link":"https:\/\/www.isdv.net\/en\/mythos_8\/","title":{"rendered":"Mythos 8"},"content":{"rendered":"<div data-elementor-type=\"wp-page\" data-elementor-id=\"5778\" class=\"elementor elementor-5778\" data-elementor-post-type=\"page\">\n\t\t\t\t\t\t<section class=\"ob-is-breaking-bad elementor-section elementor-top-section elementor-element elementor-element-eefa8db elementor-section-boxed elementor-section-height-default elementor-section-height-default\" data-id=\"eefa8db\" data-element_type=\"section\" data-settings=\"{&quot;jet_parallax_layout_list&quot;:[],&quot;_ob_bbad_use_it&quot;:&quot;yes&quot;,&quot;_ob_bbad_sssic_use&quot;:&quot;no&quot;}\">\n\t\t\t\t\t\t<div class=\"elementor-container elementor-column-gap-default\">\n\t\t\t\t\t<div class=\"elementor-column elementor-col-100 elementor-top-column elementor-element elementor-element-7566b92\" data-id=\"7566b92\" data-element_type=\"column\" data-settings=\"{&quot;_ob_bbad_is_stalker&quot;:&quot;no&quot;}\">\n\t\t\t<div class=\"elementor-widget-wrap elementor-element-populated\">\n\t\t\t\t\t\t<div class=\"elementor-element elementor-element-459e01b elementor-widget elementor-widget-image\" data-id=\"459e01b\" data-element_type=\"widget\" data-widget_type=\"image.default\">\n\t\t\t\t<div class=\"elementor-widget-container\">\n\t\t\t\t\t\t\t\t\t\t\t\t\t\t\t<img fetchpriority=\"high\" decoding=\"async\" width=\"300\" height=\"300\" src=\"https:\/\/www.isdv.net\/wp-content\/uploads\/Mythen_der_VAW-300x300.png\" class=\"attachment-medium size-medium wp-image-5913\" alt=\"\" srcset=\"https:\/\/www.isdv.net\/wp-content\/uploads\/Mythen_der_VAW-300x300.png 300w, https:\/\/www.isdv.net\/wp-content\/uploads\/Mythen_der_VAW-1024x1024.png 1024w, https:\/\/www.isdv.net\/wp-content\/uploads\/Mythen_der_VAW-150x150.png 150w, https:\/\/www.isdv.net\/wp-content\/uploads\/Mythen_der_VAW-768x768.png 768w, https:\/\/www.isdv.net\/wp-content\/uploads\/Mythen_der_VAW-1536x1536.png 1536w, https:\/\/www.isdv.net\/wp-content\/uploads\/Mythen_der_VAW-12x12.png 12w, https:\/\/www.isdv.net\/wp-content\/uploads\/Mythen_der_VAW-1320x1320.png 1320w, https:\/\/www.isdv.net\/wp-content\/uploads\/elementor\/thumbs\/Mythen_der_VAW-rcut9va3vqd57x3s9ygc2pf4lo8m0vnpsl18o8txu0.png 500w, https:\/\/www.isdv.net\/wp-content\/uploads\/elementor\/thumbs\/Mythen_der_VAW-rcut9va2nvkplwy1v1l5ymkrkc0zd4fzwsg2iucpsw.png 400w, https:\/\/www.isdv.net\/wp-content\/uploads\/Mythen_der_VAW.png 1920w\" sizes=\"(max-width: 300px) 100vw, 300px\" \/>\t\t\t\t\t\t\t\t\t\t\t\t\t\t\t<\/div>\n\t\t\t\t<\/div>\n\t\t\t\t<div class=\"elementor-element elementor-element-a9e3308 elementor-widget elementor-widget-heading\" data-id=\"a9e3308\" data-element_type=\"widget\" data-widget_type=\"heading.default\">\n\t\t\t\t<div class=\"elementor-widget-container\">\n\t\t\t\t\t<h2 class=\"elementor-heading-title elementor-size-default\"><br>\nMythos 8<\/h2>\t\t\t\t<\/div>\n\t\t\t\t<\/div>\n\t\t\t\t\t<\/div>\n\t\t<\/div>\n\t\t\t\t\t<\/div>\n\t\t<\/section>\n\t\t\t\t<section class=\"ob-is-breaking-bad elementor-section elementor-top-section elementor-element elementor-element-112e4ee elementor-section-boxed elementor-section-height-default elementor-section-height-default\" data-id=\"112e4ee\" data-element_type=\"section\" data-settings=\"{&quot;jet_parallax_layout_list&quot;:[],&quot;_ob_bbad_use_it&quot;:&quot;yes&quot;,&quot;_ob_bbad_sssic_use&quot;:&quot;no&quot;}\">\n\t\t\t\t\t\t<div class=\"elementor-container elementor-column-gap-default\">\n\t\t\t\t\t<div class=\"elementor-column elementor-col-100 elementor-top-column elementor-element elementor-element-df51325\" data-id=\"df51325\" data-element_type=\"column\" data-settings=\"{&quot;_ob_bbad_is_stalker&quot;:&quot;no&quot;}\">\n\t\t\t<div class=\"elementor-widget-wrap elementor-element-populated\">\n\t\t\t\t\t\t<div class=\"elementor-element elementor-element-627d141 elementor-widget__width-initial elementor-widget elementor-widget-text-editor\" data-id=\"627d141\" data-element_type=\"widget\" data-widget_type=\"text-editor.default\">\n\t\t\t\t<div class=\"elementor-widget-container\">\n\t\t\t\t\t\t\t\t\t<p><span data-contrast=\"auto\">Du bist angestellt und Deine Firma hat keine oder weniger Auftr\u00e4ge.\u00a0<\/span>Dein Chef oder Deine Chefin<span data-contrast=\"auto\">\u00a0sagt zu Dir:\u00a0<\/span>\u00a0<\/p><p><span data-contrast=\"auto\">&#8222;Ich schreibe Dir f\u00fcr den Zeitraum, in dem ich keine Arbeit f\u00fcr Dich habe, Minusstunden auf, die Du dann als \u00dcberstunden sp\u00e4ter wieder ausgleichen musst.&#8220;<\/span>\u00a0<\/p><p><span style=\"text-decoration: underline;\"><strong>Stimmt nicht.\u00a0<\/strong><\/span><\/p><p><span data-contrast=\"none\">In<span style=\"text-decoration: underline;\"> <a href=\"https:\/\/www.gesetze-im-internet.de\/bgb\/__615.html\" target=\"_blank\" rel=\"noopener\">\u00a7 615<\/a> <\/span>&#8222;Verg\u00fctung bei Annahmeverzug und bei Betriebsrisiko&#8220; des B\u00fcrgerlichen Gesetzbuches hei\u00dft es:\u00a0<\/span>\u00a0<\/p><p><span data-contrast=\"none\">&#8222;Kommt der\u00a0<\/span><span data-contrast=\"auto\">Dienstberechtigte\u00a0<\/span><span data-contrast=\"auto\">(<\/span><span data-contrast=\"none\">Arbeitgeber) mit der Annahme der Dienste (Arbeitszeit des Arbeitnehmers) in Verzug, so kann der\u00a0<\/span><span data-contrast=\"auto\">Verpflichtete<\/span><span data-contrast=\"auto\">\u00a0<\/span><span data-contrast=\"none\">(Arbeitnehmer) f\u00fcr die infolge des Verzugs nicht geleisteten Dienste (dann Minusstunden) die vereinbarte Verg\u00fctung verlangen, ohne zur Nachleistung (Minusstundenausgleich durch \u00dcberstunden) verpflichtet zu sein. Das Gleiche gilt, wenn der Arbeitgeber das Risiko des Arbeitsausfalls tr\u00e4gt.&#8220;<\/span>\u00a0<\/p><p><span data-contrast=\"auto\">(Anmerkungen der Redaktion in Klammern)<\/span>\u00a0<\/p><p><span data-contrast=\"auto\">Dem Arbeitgeber drohen bei solchem Vorgehen bis zu 30.000 EUR Strafe. Der Arbeitnehmer hat das Recht, die unzul\u00e4ssige Mehrarbeit zu verweigern, ohne Angst vor K\u00fcndigung haben zu m\u00fcssen.<\/span>\u00a0<\/p><p><span data-contrast=\"auto\">Ausnahmen zur gesetzlichen Regelung k\u00f6nnen entsprechende Arbeitszeitkontenvereinbarungen im Arbeitsvertag darstellen oder (haus-) tarifliche Vereinbarungen.<\/span><\/p>\t\t\t\t\t\t\t\t<\/div>\n\t\t\t\t<\/div>\n\t\t\t\t\t<\/div>\n\t\t<\/div>\n\t\t\t\t\t<\/div>\n\t\t<\/section>\n\t\t\t\t<\/div>","protected":false},"excerpt":{"rendered":"<p>Mythos 8 Du bist angestellt und Deine Firma hat keine oder weniger Auftr\u00e4ge.\u00a0Dein Chef oder Deine Chefin\u00a0sagt zu Dir:\u00a0\u00a0 &#8222;Ich schreibe Dir f\u00fcr den Zeitraum, in dem ich keine Arbeit f\u00fcr Dich habe, Minusstunden auf, die Du dann als \u00dcberstunden sp\u00e4ter wieder ausgleichen musst.&#8220;\u00a0 Stimmt nicht.\u00a0 In \u00a7 615 &#8222;Verg\u00fctung bei Annahmeverzug und bei Betriebsrisiko&#8220; [&hellip;]<\/p>\n","protected":false},"author":5,"featured_media":0,"parent":0,"menu_order":0,"comment_status":"closed","ping_status":"closed","template":"","meta":{"_acf_changed":false,"footnotes":""},"class_list":["post-5778","page","type-page","status-publish","hentry"],"acf":[],"_links":{"self":[{"href":"https:\/\/www.isdv.net\/en\/wp-json\/wp\/v2\/pages\/5778","targetHints":{"allow":["GET"]}}],"collection":[{"href":"https:\/\/www.isdv.net\/en\/wp-json\/wp\/v2\/pages"}],"about":[{"href":"https:\/\/www.isdv.net\/en\/wp-json\/wp\/v2\/types\/page"}],"author":[{"embeddable":true,"href":"https:\/\/www.isdv.net\/en\/wp-json\/wp\/v2\/users\/5"}],"replies":[{"embeddable":true,"href":"https:\/\/www.isdv.net\/en\/wp-json\/wp\/v2\/comments?post=5778"}],"version-history":[{"count":14,"href":"https:\/\/www.isdv.net\/en\/wp-json\/wp\/v2\/pages\/5778\/revisions"}],"predecessor-version":[{"id":6133,"href":"https:\/\/www.isdv.net\/en\/wp-json\/wp\/v2\/pages\/5778\/revisions\/6133"}],"wp:attachment":[{"href":"https:\/\/www.isdv.net\/en\/wp-json\/wp\/v2\/media?parent=5778"}],"curies":[{"name":"wp","href":"https:\/\/api.w.org\/{rel}","templated":true}]}}