{"id":5772,"date":"2025-09-11T12:05:25","date_gmt":"2025-09-11T10:05:25","guid":{"rendered":"https:\/\/www.isdv.net\/?page_id=5772"},"modified":"2025-09-11T12:19:57","modified_gmt":"2025-09-11T10:19:57","slug":"mythos_7","status":"publish","type":"page","link":"https:\/\/www.isdv.net\/en\/mythos_7\/","title":{"rendered":"Mythos 7"},"content":{"rendered":"\t\t<div data-elementor-type=\"wp-page\" data-elementor-id=\"5772\" class=\"elementor elementor-5772\" data-elementor-post-type=\"page\">\n\t\t\t\t\t\t<section class=\"ob-is-breaking-bad elementor-section elementor-top-section elementor-element elementor-element-eefa8db elementor-section-boxed elementor-section-height-default elementor-section-height-default\" data-id=\"eefa8db\" data-element_type=\"section\" data-settings=\"{&quot;jet_parallax_layout_list&quot;:[],&quot;_ob_bbad_use_it&quot;:&quot;yes&quot;,&quot;_ob_bbad_sssic_use&quot;:&quot;no&quot;}\">\n\t\t\t\t\t\t<div class=\"elementor-container elementor-column-gap-default\">\n\t\t\t\t\t<div class=\"elementor-column elementor-col-100 elementor-top-column elementor-element elementor-element-7566b92\" data-id=\"7566b92\" data-element_type=\"column\" data-settings=\"{&quot;_ob_bbad_is_stalker&quot;:&quot;no&quot;}\">\n\t\t\t<div class=\"elementor-widget-wrap elementor-element-populated\">\n\t\t\t\t\t\t<div class=\"elementor-element elementor-element-1ee366f elementor-widget elementor-widget-image\" data-id=\"1ee366f\" data-element_type=\"widget\" data-widget_type=\"image.default\">\n\t\t\t\t<div class=\"elementor-widget-container\">\n\t\t\t\t\t\t\t\t\t\t\t\t\t\t\t<img fetchpriority=\"high\" decoding=\"async\" width=\"300\" height=\"300\" src=\"https:\/\/www.isdv.net\/wp-content\/uploads\/Mythen_der_VAW-300x300.png\" class=\"attachment-medium size-medium wp-image-5913\" alt=\"\" srcset=\"https:\/\/www.isdv.net\/wp-content\/uploads\/Mythen_der_VAW-300x300.png 300w, https:\/\/www.isdv.net\/wp-content\/uploads\/Mythen_der_VAW-1024x1024.png 1024w, https:\/\/www.isdv.net\/wp-content\/uploads\/Mythen_der_VAW-150x150.png 150w, https:\/\/www.isdv.net\/wp-content\/uploads\/Mythen_der_VAW-768x768.png 768w, https:\/\/www.isdv.net\/wp-content\/uploads\/Mythen_der_VAW-1536x1536.png 1536w, https:\/\/www.isdv.net\/wp-content\/uploads\/Mythen_der_VAW-12x12.png 12w, https:\/\/www.isdv.net\/wp-content\/uploads\/Mythen_der_VAW-1320x1320.png 1320w, https:\/\/www.isdv.net\/wp-content\/uploads\/elementor\/thumbs\/Mythen_der_VAW-rcut9va3vqd57x3s9ygc2pf4lo8m0vnpsl18o8txu0.png 500w, https:\/\/www.isdv.net\/wp-content\/uploads\/elementor\/thumbs\/Mythen_der_VAW-rcut9va2nvkplwy1v1l5ymkrkc0zd4fzwsg2iucpsw.png 400w, https:\/\/www.isdv.net\/wp-content\/uploads\/Mythen_der_VAW.png 1920w\" sizes=\"(max-width: 300px) 100vw, 300px\" \/>\t\t\t\t\t\t\t\t\t\t\t\t\t\t\t<\/div>\n\t\t\t\t<\/div>\n\t\t\t\t<div class=\"elementor-element elementor-element-a9e3308 elementor-widget elementor-widget-heading\" data-id=\"a9e3308\" data-element_type=\"widget\" data-widget_type=\"heading.default\">\n\t\t\t\t<div class=\"elementor-widget-container\">\n\t\t\t\t\t<h2 class=\"elementor-heading-title elementor-size-default\"><br>\nMythos 7<\/h2>\t\t\t\t<\/div>\n\t\t\t\t<\/div>\n\t\t\t\t\t<\/div>\n\t\t<\/div>\n\t\t\t\t\t<\/div>\n\t\t<\/section>\n\t\t\t\t<section class=\"ob-is-breaking-bad elementor-section elementor-top-section elementor-element elementor-element-112e4ee elementor-section-boxed elementor-section-height-default elementor-section-height-default\" data-id=\"112e4ee\" data-element_type=\"section\" data-settings=\"{&quot;jet_parallax_layout_list&quot;:[],&quot;_ob_bbad_use_it&quot;:&quot;yes&quot;,&quot;_ob_bbad_sssic_use&quot;:&quot;no&quot;}\">\n\t\t\t\t\t\t<div class=\"elementor-container elementor-column-gap-default\">\n\t\t\t\t\t<div class=\"elementor-column elementor-col-100 elementor-top-column elementor-element elementor-element-df51325\" data-id=\"df51325\" data-element_type=\"column\" data-settings=\"{&quot;_ob_bbad_is_stalker&quot;:&quot;no&quot;}\">\n\t\t\t<div class=\"elementor-widget-wrap elementor-element-populated\">\n\t\t\t\t\t\t<div class=\"elementor-element elementor-element-627d141 elementor-widget__width-initial elementor-widget elementor-widget-text-editor\" data-id=\"627d141\" data-element_type=\"widget\" data-widget_type=\"text-editor.default\">\n\t\t\t\t<div class=\"elementor-widget-container\">\n\t\t\t\t\t\t\t\t\t<p><span data-contrast=\"auto\">&#8222;Du bekommst von mir als Dein Auftraggeber einen Tagessatz. Tagessatz hei\u00dft 24 Stunden. Wenn Deine Arbeit getan ist, setze ich Dich nat\u00fcrlich auch f\u00fcr andere Arbeiten ein.&#8220;<\/span><\/p>\n<p><span style=\"text-decoration: underline;\"><strong>Stimmt nicht.&nbsp;<\/strong><\/span><\/p>\n<p><span data-contrast=\"auto\">Das w\u00e4re der Fall, wenn Du Arbeitnehmer bist. Als Arbeitnehmer hast Du Lebenszeit an den Arbeitgeber verkauft und bist zur Abgeltung verpflichtet.&nbsp;<\/span>Da kann in einem gewissen Rahmen mal Arbeit dazukommen, die nicht der Kern Deiner Anstellung ist.<span data-contrast=\"auto\">&nbsp;<\/span>Das Arbeitszeitgesetz oder der Tarif- beziehungsweise Arbeitsvertrag regelt dann, wie lange Du \u00fcberhaupt arbeiten darfst.<\/p>\n<p>Bei Selbst\u00e4ndigen ist der Auftraggeber nicht berechtigt, Arbeiten zu verlangen, die vertraglich nicht vereinbart wurden.<span data-contrast=\"auto\">&nbsp;Er kann bei Dir anfragen, ob Du bereit w\u00e4rst, auch eine zus\u00e4tzliche, andere Arbeit zu erledigen. Das muss dann aber immer mehr Geld f\u00fcr Dich bedeutet. Man nennt das Auftragsmehrung.<\/span>&nbsp; Auch hierzu am besten ein Angebot erstellen oder zumindest die m\u00fcndliche Absprache per Email wiederholen und den Auftrag dem Auftraggeber best\u00e4tigen. Dabei auch immer den Zusatzbetrag nennen.<\/p>\n<p>Wenn Du selbst entscheidest, dass Du einem Kollegen oder einer Kollegin hilfst, weil Du bereits fertig bist, ist das nobel und Deine Entscheidung.<br>So kommt man vielleicht gemeinsam schneller an die Milchshake-Bar.<\/p>\n<p><span data-contrast=\"auto\">Aber beachte immer: auch f\u00fcr Dich gelten maximale Arbeitszeiten. Zwar nicht im Sinne des Arbeitszeitgesetzes, aber doch im Versicherungsrecht. Im Fall eines beruflich motivierten Unfalles wird Deine Berufsunfallversicherung nachfragen, warum Du meinst, 16 Stunden arbeiten zu k\u00f6nnen.&nbsp;<\/span>&nbsp;<br><\/p><p class=\"my-2 [&amp;+p]:mt-4 [&amp;_strong:has(+br)]:inline-block [&amp;_strong:has(+br)]:pb-2\">Bei\n einem Schreibtischjob mag das alles nicht so relevant sein. Wenn das \nRisiko allerdings h\u00f6her ist, sollte man sich die Frage schon mal \nstellen. So etwas kann sehr teuer werden. Eine Risikoanalyse f\u00fcr die \neigene T\u00e4tigkeit hilft hier sehr.<\/p>\n<hr class=\"bg-offsetPlus h-px border-0\"><p><br><\/p>\t\t\t\t\t\t\t\t<\/div>\n\t\t\t\t<\/div>\n\t\t\t\t\t<\/div>\n\t\t<\/div>\n\t\t\t\t\t<\/div>\n\t\t<\/section>\n\t\t\t\t<\/div>\n\t\t","protected":false},"excerpt":{"rendered":"<p>Mythos 7 &#8222;Du bekommst von mir als Dein Auftraggeber einen Tagessatz. Tagessatz hei\u00dft 24 Stunden. Wenn Deine Arbeit getan ist, setze ich Dich nat\u00fcrlich auch f\u00fcr andere Arbeiten ein.&#8220; Stimmt nicht.&nbsp; Das w\u00e4re der Fall, wenn Du Arbeitnehmer bist. Als Arbeitnehmer hast Du Lebenszeit an den Arbeitgeber verkauft und bist zur Abgeltung verpflichtet.&nbsp;Da kann in [&hellip;]<\/p>\n","protected":false},"author":5,"featured_media":0,"parent":0,"menu_order":0,"comment_status":"closed","ping_status":"closed","template":"","meta":{"_acf_changed":false,"footnotes":""},"class_list":["post-5772","page","type-page","status-publish","hentry"],"acf":[],"_links":{"self":[{"href":"https:\/\/www.isdv.net\/en\/wp-json\/wp\/v2\/pages\/5772","targetHints":{"allow":["GET"]}}],"collection":[{"href":"https:\/\/www.isdv.net\/en\/wp-json\/wp\/v2\/pages"}],"about":[{"href":"https:\/\/www.isdv.net\/en\/wp-json\/wp\/v2\/types\/page"}],"author":[{"embeddable":true,"href":"https:\/\/www.isdv.net\/en\/wp-json\/wp\/v2\/users\/5"}],"replies":[{"embeddable":true,"href":"https:\/\/www.isdv.net\/en\/wp-json\/wp\/v2\/comments?post=5772"}],"version-history":[{"count":11,"href":"https:\/\/www.isdv.net\/en\/wp-json\/wp\/v2\/pages\/5772\/revisions"}],"predecessor-version":[{"id":5995,"href":"https:\/\/www.isdv.net\/en\/wp-json\/wp\/v2\/pages\/5772\/revisions\/5995"}],"wp:attachment":[{"href":"https:\/\/www.isdv.net\/en\/wp-json\/wp\/v2\/media?parent=5772"}],"curies":[{"name":"wp","href":"https:\/\/api.w.org\/{rel}","templated":true}]}}