{"id":5742,"date":"2025-09-11T11:34:03","date_gmt":"2025-09-11T09:34:03","guid":{"rendered":"https:\/\/www.isdv.net\/?page_id=5742"},"modified":"2025-09-11T11:48:25","modified_gmt":"2025-09-11T09:48:25","slug":"mythos_4","status":"publish","type":"page","link":"https:\/\/www.isdv.net\/en\/mythos_4\/","title":{"rendered":"Mythos 4"},"content":{"rendered":"<div data-elementor-type=\"wp-page\" data-elementor-id=\"5742\" class=\"elementor elementor-5742\" data-elementor-post-type=\"page\">\n\t\t\t\t\t\t<section class=\"ob-is-breaking-bad elementor-section elementor-top-section elementor-element elementor-element-eefa8db elementor-section-boxed elementor-section-height-default elementor-section-height-default\" data-id=\"eefa8db\" data-element_type=\"section\" data-settings=\"{&quot;jet_parallax_layout_list&quot;:[],&quot;_ob_bbad_use_it&quot;:&quot;yes&quot;,&quot;_ob_bbad_sssic_use&quot;:&quot;no&quot;}\">\n\t\t\t\t\t\t<div class=\"elementor-container elementor-column-gap-default\">\n\t\t\t\t\t<div class=\"elementor-column elementor-col-100 elementor-top-column elementor-element elementor-element-7566b92\" data-id=\"7566b92\" data-element_type=\"column\" data-settings=\"{&quot;_ob_bbad_is_stalker&quot;:&quot;no&quot;}\">\n\t\t\t<div class=\"elementor-widget-wrap elementor-element-populated\">\n\t\t\t\t\t\t<div class=\"elementor-element elementor-element-b3a47c0 elementor-widget elementor-widget-image\" data-id=\"b3a47c0\" data-element_type=\"widget\" data-widget_type=\"image.default\">\n\t\t\t\t<div class=\"elementor-widget-container\">\n\t\t\t\t\t\t\t\t\t\t\t\t\t\t\t<img fetchpriority=\"high\" decoding=\"async\" width=\"300\" height=\"300\" src=\"https:\/\/www.isdv.net\/wp-content\/uploads\/Mythen_der_VAW-300x300.png\" class=\"attachment-medium size-medium wp-image-5913\" alt=\"\" srcset=\"https:\/\/www.isdv.net\/wp-content\/uploads\/Mythen_der_VAW-300x300.png 300w, https:\/\/www.isdv.net\/wp-content\/uploads\/Mythen_der_VAW-1024x1024.png 1024w, https:\/\/www.isdv.net\/wp-content\/uploads\/Mythen_der_VAW-150x150.png 150w, https:\/\/www.isdv.net\/wp-content\/uploads\/Mythen_der_VAW-768x768.png 768w, https:\/\/www.isdv.net\/wp-content\/uploads\/Mythen_der_VAW-1536x1536.png 1536w, https:\/\/www.isdv.net\/wp-content\/uploads\/Mythen_der_VAW-12x12.png 12w, https:\/\/www.isdv.net\/wp-content\/uploads\/Mythen_der_VAW-1320x1320.png 1320w, https:\/\/www.isdv.net\/wp-content\/uploads\/elementor\/thumbs\/Mythen_der_VAW-rcut9va3vqd57x3s9ygc2pf4lo8m0vnpsl18o8txu0.png 500w, https:\/\/www.isdv.net\/wp-content\/uploads\/elementor\/thumbs\/Mythen_der_VAW-rcut9va2nvkplwy1v1l5ymkrkc0zd4fzwsg2iucpsw.png 400w, https:\/\/www.isdv.net\/wp-content\/uploads\/Mythen_der_VAW.png 1920w\" sizes=\"(max-width: 300px) 100vw, 300px\" \/>\t\t\t\t\t\t\t\t\t\t\t\t\t\t\t<\/div>\n\t\t\t\t<\/div>\n\t\t\t\t<div class=\"elementor-element elementor-element-a9e3308 elementor-widget elementor-widget-heading\" data-id=\"a9e3308\" data-element_type=\"widget\" data-widget_type=\"heading.default\">\n\t\t\t\t<div class=\"elementor-widget-container\">\n\t\t\t\t\t<h2 class=\"elementor-heading-title elementor-size-default\"><br>\nMythos 4<\/h2>\t\t\t\t<\/div>\n\t\t\t\t<\/div>\n\t\t\t\t\t<\/div>\n\t\t<\/div>\n\t\t\t\t\t<\/div>\n\t\t<\/section>\n\t\t\t\t<section class=\"ob-is-breaking-bad elementor-section elementor-top-section elementor-element elementor-element-112e4ee elementor-section-boxed elementor-section-height-default elementor-section-height-default\" data-id=\"112e4ee\" data-element_type=\"section\" data-settings=\"{&quot;jet_parallax_layout_list&quot;:[],&quot;_ob_bbad_use_it&quot;:&quot;yes&quot;,&quot;_ob_bbad_sssic_use&quot;:&quot;no&quot;}\">\n\t\t\t\t\t\t<div class=\"elementor-container elementor-column-gap-default\">\n\t\t\t\t\t<div class=\"elementor-column elementor-col-100 elementor-top-column elementor-element elementor-element-df51325\" data-id=\"df51325\" data-element_type=\"column\" data-settings=\"{&quot;_ob_bbad_is_stalker&quot;:&quot;no&quot;}\">\n\t\t\t<div class=\"elementor-widget-wrap elementor-element-populated\">\n\t\t\t\t\t\t<div class=\"elementor-element elementor-element-627d141 elementor-widget__width-initial elementor-widget elementor-widget-text-editor\" data-id=\"627d141\" data-element_type=\"widget\" data-widget_type=\"text-editor.default\">\n\t\t\t\t<div class=\"elementor-widget-container\">\n\t\t\t\t\t\t\t\t\t<p><span data-contrast=\"auto\">&#8222;Man darf nur noch mit Angestellten arbeiten. Selbst\u00e4ndige darf man nicht mehr beauftragen, da hat man sofort Probleme mit der Deutschen Rentenversicherung wegen Scheinselbst\u00e4ndigkeit.&#8220;<\/span>&nbsp;<\/p>\n<p><span style=\"text-decoration: underline;\"><strong>Stimmt nicht.&nbsp;<\/strong><\/span><\/p>\n<p><span data-contrast=\"auto\">Man darf selbstverst\u00e4ndlich Selbst\u00e4ndige auch ohne Angestellte beauftragen, um Auftr\u00e4ge f\u00fcr jemanden auszuf\u00fchren.&nbsp;<\/span>Das gilt ohne Einschr\u00e4nkung hinsichtlich der T\u00e4tigkeit, des Einsatzorts oder der H\u00e4ufigkeit.&nbsp;<span data-contrast=\"auto\">Was nicht geht \u2013 denn das f\u00fchrt zu scheinselbst\u00e4ndigen Auftragsverh\u00e4ltnissen &#8211;<\/span>, ist, die Beauftragten so zu behandeln, wie man es mit den eigenen Angestellten tut:<span data-contrast=\"auto\">&nbsp;Arbeitszeiten vorschreiben, Pausenzeiten regeln, auf Zuruf Arbeit verteilen, Berichte regelm\u00e4\u00dfig einfordern, sie zusammen mit Angestellten arbeiten lassen, sie wie Angestellte in der HR-Software einplanen, Infos nur scheibchenweise weitergeben und so eigenst\u00e4ndiges Arbeiten verhindern. Sie eben nicht so arbeiten lassen, wie man es mit dem Handwerker oder der Autowerkstatt tun w\u00fcrde.<\/span>&nbsp;<\/p>\n<p><span data-contrast=\"auto\">E<\/span>s ist wichtig, dass ein Pr\u00fcfer die L\u00fccke zwischen Auftraggebendem und \nAuftragnehmendem erkennen kann. Daf\u00fcr ist eine klare Abgrenzung n\u00f6tig, \nund die erreicht man am besten zum Beispiel \u00fcber den Einkauf, einen klar\n definierten Auftragsinhalt, Absprachen, Dokumentation und auch \u00fcber ein\n Honorar, das h\u00f6her ist als ein vergleichbares Angestelltengehalt.<\/p>\n<p>Zu dem Thema Scheinselbst\u00e4ndigkeit findest Du weitere Infos auf unserer Seite unter <span style=\"text-decoration: underline;\"><a href=\"https:\/\/www.isdv.net\/en\/scheinselbstaendigkeit\/\">Statusfeststellung \u2013<\/a><a href=\"https:\/\/www.isdv.net\/en\/scheinselbstaendigkeit\/\">&nbsp;Scheinselbst\u00e4ndigkeit<\/a>&nbsp;.<\/span><\/p>\t\t\t\t\t\t\t\t<\/div>\n\t\t\t\t<\/div>\n\t\t\t\t\t<\/div>\n\t\t<\/div>\n\t\t\t\t\t<\/div>\n\t\t<\/section>\n\t\t\t\t<\/div>","protected":false},"excerpt":{"rendered":"<p>Mythos 4 &#8222;Man darf nur noch mit Angestellten arbeiten. Selbst\u00e4ndige darf man nicht mehr beauftragen, da hat man sofort Probleme mit der Deutschen Rentenversicherung wegen Scheinselbst\u00e4ndigkeit.&#8220;&nbsp; Stimmt nicht.&nbsp; Man darf selbstverst\u00e4ndlich Selbst\u00e4ndige auch ohne Angestellte beauftragen, um Auftr\u00e4ge f\u00fcr jemanden auszuf\u00fchren.&nbsp;Das gilt ohne Einschr\u00e4nkung hinsichtlich der T\u00e4tigkeit, des Einsatzorts oder der H\u00e4ufigkeit.&nbsp;Was nicht geht \u2013 [&hellip;]<\/p>\n","protected":false},"author":5,"featured_media":0,"parent":0,"menu_order":0,"comment_status":"closed","ping_status":"closed","template":"","meta":{"_acf_changed":false,"footnotes":""},"class_list":["post-5742","page","type-page","status-publish","hentry"],"acf":[],"_links":{"self":[{"href":"https:\/\/www.isdv.net\/en\/wp-json\/wp\/v2\/pages\/5742","targetHints":{"allow":["GET"]}}],"collection":[{"href":"https:\/\/www.isdv.net\/en\/wp-json\/wp\/v2\/pages"}],"about":[{"href":"https:\/\/www.isdv.net\/en\/wp-json\/wp\/v2\/types\/page"}],"author":[{"embeddable":true,"href":"https:\/\/www.isdv.net\/en\/wp-json\/wp\/v2\/users\/5"}],"replies":[{"embeddable":true,"href":"https:\/\/www.isdv.net\/en\/wp-json\/wp\/v2\/comments?post=5742"}],"version-history":[{"count":18,"href":"https:\/\/www.isdv.net\/en\/wp-json\/wp\/v2\/pages\/5742\/revisions"}],"predecessor-version":[{"id":5983,"href":"https:\/\/www.isdv.net\/en\/wp-json\/wp\/v2\/pages\/5742\/revisions\/5983"}],"wp:attachment":[{"href":"https:\/\/www.isdv.net\/en\/wp-json\/wp\/v2\/media?parent=5742"}],"curies":[{"name":"wp","href":"https:\/\/api.w.org\/{rel}","templated":true}]}}