{"id":5736,"date":"2025-09-11T11:16:47","date_gmt":"2025-09-11T09:16:47","guid":{"rendered":"https:\/\/www.isdv.net\/?page_id=5736"},"modified":"2025-09-11T11:37:28","modified_gmt":"2025-09-11T09:37:28","slug":"mythos_3","status":"publish","type":"page","link":"https:\/\/www.isdv.net\/en\/mythos_3\/","title":{"rendered":"Mythos 3"},"content":{"rendered":"<div data-elementor-type=\"wp-page\" data-elementor-id=\"5736\" class=\"elementor elementor-5736\" data-elementor-post-type=\"page\">\n\t\t\t\t\t\t<section class=\"ob-is-breaking-bad elementor-section elementor-top-section elementor-element elementor-element-eefa8db elementor-section-boxed elementor-section-height-default elementor-section-height-default\" data-id=\"eefa8db\" data-element_type=\"section\" data-settings=\"{&quot;jet_parallax_layout_list&quot;:[],&quot;_ob_bbad_use_it&quot;:&quot;yes&quot;,&quot;_ob_bbad_sssic_use&quot;:&quot;no&quot;}\">\n\t\t\t\t\t\t<div class=\"elementor-container elementor-column-gap-default\">\n\t\t\t\t\t<div class=\"elementor-column elementor-col-100 elementor-top-column elementor-element elementor-element-7566b92\" data-id=\"7566b92\" data-element_type=\"column\" data-settings=\"{&quot;_ob_bbad_is_stalker&quot;:&quot;no&quot;}\">\n\t\t\t<div class=\"elementor-widget-wrap elementor-element-populated\">\n\t\t\t\t\t\t<div class=\"elementor-element elementor-element-8a82566 elementor-widget elementor-widget-image\" data-id=\"8a82566\" data-element_type=\"widget\" data-widget_type=\"image.default\">\n\t\t\t\t<div class=\"elementor-widget-container\">\n\t\t\t\t\t\t\t\t\t\t\t\t\t\t\t<img fetchpriority=\"high\" decoding=\"async\" width=\"300\" height=\"300\" src=\"https:\/\/www.isdv.net\/wp-content\/uploads\/Mythen_der_VAW-300x300.png\" class=\"attachment-medium size-medium wp-image-5913\" alt=\"\" srcset=\"https:\/\/www.isdv.net\/wp-content\/uploads\/Mythen_der_VAW-300x300.png 300w, https:\/\/www.isdv.net\/wp-content\/uploads\/Mythen_der_VAW-1024x1024.png 1024w, https:\/\/www.isdv.net\/wp-content\/uploads\/Mythen_der_VAW-150x150.png 150w, https:\/\/www.isdv.net\/wp-content\/uploads\/Mythen_der_VAW-768x768.png 768w, https:\/\/www.isdv.net\/wp-content\/uploads\/Mythen_der_VAW-1536x1536.png 1536w, https:\/\/www.isdv.net\/wp-content\/uploads\/Mythen_der_VAW-12x12.png 12w, https:\/\/www.isdv.net\/wp-content\/uploads\/Mythen_der_VAW-1320x1320.png 1320w, https:\/\/www.isdv.net\/wp-content\/uploads\/elementor\/thumbs\/Mythen_der_VAW-rcut9va3vqd57x3s9ygc2pf4lo8m0vnpsl18o8txu0.png 500w, https:\/\/www.isdv.net\/wp-content\/uploads\/elementor\/thumbs\/Mythen_der_VAW-rcut9va2nvkplwy1v1l5ymkrkc0zd4fzwsg2iucpsw.png 400w, https:\/\/www.isdv.net\/wp-content\/uploads\/Mythen_der_VAW.png 1920w\" sizes=\"(max-width: 300px) 100vw, 300px\" \/>\t\t\t\t\t\t\t\t\t\t\t\t\t\t\t<\/div>\n\t\t\t\t<\/div>\n\t\t\t\t<div class=\"elementor-element elementor-element-a9e3308 elementor-widget elementor-widget-heading\" data-id=\"a9e3308\" data-element_type=\"widget\" data-widget_type=\"heading.default\">\n\t\t\t\t<div class=\"elementor-widget-container\">\n\t\t\t\t\t<h2 class=\"elementor-heading-title elementor-size-default\"><br>\n\nMythos 3<\/h2>\t\t\t\t<\/div>\n\t\t\t\t<\/div>\n\t\t\t\t\t<\/div>\n\t\t<\/div>\n\t\t\t\t\t<\/div>\n\t\t<\/section>\n\t\t\t\t<section class=\"ob-is-breaking-bad elementor-section elementor-top-section elementor-element elementor-element-112e4ee elementor-section-boxed elementor-section-height-default elementor-section-height-default\" data-id=\"112e4ee\" data-element_type=\"section\" data-settings=\"{&quot;jet_parallax_layout_list&quot;:[],&quot;_ob_bbad_use_it&quot;:&quot;yes&quot;,&quot;_ob_bbad_sssic_use&quot;:&quot;no&quot;}\">\n\t\t\t\t\t\t<div class=\"elementor-container elementor-column-gap-default\">\n\t\t\t\t\t<div class=\"elementor-column elementor-col-100 elementor-top-column elementor-element elementor-element-df51325\" data-id=\"df51325\" data-element_type=\"column\" data-settings=\"{&quot;_ob_bbad_is_stalker&quot;:&quot;no&quot;}\">\n\t\t\t<div class=\"elementor-widget-wrap elementor-element-populated\">\n\t\t\t\t\t\t<div class=\"elementor-element elementor-element-627d141 elementor-widget__width-initial elementor-widget elementor-widget-text-editor\" data-id=\"627d141\" data-element_type=\"widget\" data-widget_type=\"text-editor.default\">\n\t\t\t\t<div class=\"elementor-widget-container\">\n\t\t\t\t\t\t\t\t\t<p><span data-contrast=\"auto\">&#8222;Du darfst diese T\u00e4tigkeit gar nicht selbst\u00e4ndig machen.&#8220;<\/span>&nbsp;<\/p>\n<p><span style=\"text-decoration: underline;\"><strong>Stimmt nicht.&nbsp;<\/strong><\/span><\/p>\n<p><span data-contrast=\"auto\">Grunds\u00e4tzlich darf man in Deutschland alle T\u00e4tigkeiten selbst\u00e4ndig ausf\u00fchren. F\u00fcr manche ben\u00f6tigt man spezifische Qualifikationen, f\u00fcr sehr wenige eine Genehmigung. Rigger, Elektriker oder Meister ben\u00f6tigen zum Beispiel bestimmte&nbsp; Qualifikationen.<\/span><\/p>\n<p><span data-contrast=\"auto\">Die Frage, die sich dazu eher stellt, ist: bekommst Du f\u00fcr die Ausf\u00fchrung&nbsp; Weisungen Deines Auftraggebers und wirst Du in die Betriebsstruktur des Auftraggebenden eingebunden?<\/span><\/p>\n<p><span data-contrast=\"auto\">Dies kommt regelm\u00e4\u00dfig bei Assistenzjobs, Stagehand- oder Lagert\u00e4tigkeiten vor; alle T\u00e4tigkeiten, die gemeinhin als Hilfs- oder zuarbeitende T\u00e4tigkeiten angesehen werden, wo die ausf\u00fchrende Person sich die Aufgabe nicht eigenst\u00e4ndig gegeben hat. In diesen F\u00e4llen spricht dann das Sozialgesetz dagegen und sagt, das ist keine selbst\u00e4ndige Arbeit, das ist Scheinselbst\u00e4ndigkeit. <br>Alle anderen Arbeiten (z.B. als Techniker:in) kann man immer selbst\u00e4ndig ausf\u00fchren.<\/span><\/p>\n<p>Worauf es ankommt, ist die Art, wie Auftraggeber und Auftragnehmer miteinander umgehen, ob es Unterlagen (Angebote, Vertr\u00e4ge und weiteres) gibt und ob ein Au\u00dfenstehender erkennen kann, dass der Auftragnehmende nicht Teil des Unternehmens des Auftraggebers ist.&nbsp;<br>Zum Thema Scheinselbst\u00e4ndigkeit findest Du weitere Informationen auf unserer Seite unter <span style=\"text-decoration: underline;\"><a href=\"https:\/\/www.isdv.net\/en\/scheinselbstaendigkeit\/\">Statusfeststellung &#8211;<\/a><\/span><a href=\"https:\/\/www.isdv.net\/en\/scheinselbstaendigkeit\/\"> Scheinselbst\u00e4ndigkeit<\/a> .<\/p>\t\t\t\t\t\t\t\t<\/div>\n\t\t\t\t<\/div>\n\t\t\t\t\t<\/div>\n\t\t<\/div>\n\t\t\t\t\t<\/div>\n\t\t<\/section>\n\t\t\t\t<\/div>","protected":false},"excerpt":{"rendered":"<p>Mythos 3 &#8222;Du darfst diese T\u00e4tigkeit gar nicht selbst\u00e4ndig machen.&#8220;&nbsp; Stimmt nicht.&nbsp; Grunds\u00e4tzlich darf man in Deutschland alle T\u00e4tigkeiten selbst\u00e4ndig ausf\u00fchren. F\u00fcr manche ben\u00f6tigt man spezifische Qualifikationen, f\u00fcr sehr wenige eine Genehmigung. Rigger, Elektriker oder Meister ben\u00f6tigen zum Beispiel bestimmte&nbsp; Qualifikationen. Die Frage, die sich dazu eher stellt, ist: bekommst Du f\u00fcr die Ausf\u00fchrung&nbsp; Weisungen [&hellip;]<\/p>\n","protected":false},"author":5,"featured_media":0,"parent":0,"menu_order":0,"comment_status":"closed","ping_status":"closed","template":"","meta":{"_acf_changed":false,"footnotes":""},"class_list":["post-5736","page","type-page","status-publish","hentry"],"acf":[],"_links":{"self":[{"href":"https:\/\/www.isdv.net\/en\/wp-json\/wp\/v2\/pages\/5736","targetHints":{"allow":["GET"]}}],"collection":[{"href":"https:\/\/www.isdv.net\/en\/wp-json\/wp\/v2\/pages"}],"about":[{"href":"https:\/\/www.isdv.net\/en\/wp-json\/wp\/v2\/types\/page"}],"author":[{"embeddable":true,"href":"https:\/\/www.isdv.net\/en\/wp-json\/wp\/v2\/users\/5"}],"replies":[{"embeddable":true,"href":"https:\/\/www.isdv.net\/en\/wp-json\/wp\/v2\/comments?post=5736"}],"version-history":[{"count":27,"href":"https:\/\/www.isdv.net\/en\/wp-json\/wp\/v2\/pages\/5736\/revisions"}],"predecessor-version":[{"id":5979,"href":"https:\/\/www.isdv.net\/en\/wp-json\/wp\/v2\/pages\/5736\/revisions\/5979"}],"wp:attachment":[{"href":"https:\/\/www.isdv.net\/en\/wp-json\/wp\/v2\/media?parent=5736"}],"curies":[{"name":"wp","href":"https:\/\/api.w.org\/{rel}","templated":true}]}}