{"id":5725,"date":"2025-09-11T10:36:25","date_gmt":"2025-09-11T08:36:25","guid":{"rendered":"https:\/\/www.isdv.net\/?page_id=5725"},"modified":"2025-12-23T00:34:44","modified_gmt":"2025-12-22T23:34:44","slug":"mythen-der-vaw","status":"publish","type":"page","link":"https:\/\/www.isdv.net\/en\/mythen-der-vaw\/","title":{"rendered":"Mythen der VAW"},"content":{"rendered":"<div data-elementor-type=\"wp-page\" data-elementor-id=\"5725\" class=\"elementor elementor-5725\" data-elementor-post-type=\"page\">\n\t\t\t\t\t\t<section class=\"ob-is-breaking-bad elementor-section elementor-top-section elementor-element elementor-element-57ca0a4 elementor-section-boxed elementor-section-height-default elementor-section-height-default\" data-id=\"57ca0a4\" data-element_type=\"section\" data-settings=\"{&quot;jet_parallax_layout_list&quot;:[],&quot;_ob_bbad_use_it&quot;:&quot;yes&quot;,&quot;_ob_bbad_sssic_use&quot;:&quot;no&quot;}\">\n\t\t\t\t\t\t<div class=\"elementor-container elementor-column-gap-default\">\n\t\t\t\t\t<div class=\"elementor-column elementor-col-100 elementor-top-column elementor-element elementor-element-be16224\" data-id=\"be16224\" data-element_type=\"column\" data-settings=\"{&quot;_ob_bbad_is_stalker&quot;:&quot;no&quot;}\">\n\t\t\t<div class=\"elementor-widget-wrap elementor-element-populated\">\n\t\t\t\t\t\t<div class=\"elementor-element elementor-element-8efb4ac elementor-widget elementor-widget-spacer\" data-id=\"8efb4ac\" data-element_type=\"widget\" data-widget_type=\"spacer.default\">\n\t\t\t\t<div class=\"elementor-widget-container\">\n\t\t\t\t\t\t\t<div class=\"elementor-spacer\">\n\t\t\t<div class=\"elementor-spacer-inner\"><\/div>\n\t\t<\/div>\n\t\t\t\t\t\t<\/div>\n\t\t\t\t<\/div>\n\t\t\t\t\t<\/div>\n\t\t<\/div>\n\t\t\t\t\t<\/div>\n\t\t<\/section>\n\t\t\t\t<section class=\"ob-is-breaking-bad elementor-section elementor-top-section elementor-element elementor-element-112e4ee elementor-section-boxed elementor-section-height-default elementor-section-height-default\" data-id=\"112e4ee\" data-element_type=\"section\" data-settings=\"{&quot;jet_parallax_layout_list&quot;:[],&quot;_ob_bbad_use_it&quot;:&quot;yes&quot;,&quot;_ob_bbad_sssic_use&quot;:&quot;no&quot;}\">\n\t\t\t\t\t\t<div class=\"elementor-container elementor-column-gap-default\">\n\t\t\t\t\t<div class=\"elementor-column elementor-col-100 elementor-top-column elementor-element elementor-element-df51325\" data-id=\"df51325\" data-element_type=\"column\" data-settings=\"{&quot;_ob_bbad_is_stalker&quot;:&quot;no&quot;}\">\n\t\t\t<div class=\"elementor-widget-wrap elementor-element-populated\">\n\t\t\t\t\t\t<div class=\"elementor-element elementor-element-20b2fbe elementor-widget elementor-widget-image\" data-id=\"20b2fbe\" data-element_type=\"widget\" data-widget_type=\"image.default\">\n\t\t\t\t<div class=\"elementor-widget-container\">\n\t\t\t\t\t\t\t\t\t\t\t\t\t\t\t<img fetchpriority=\"high\" decoding=\"async\" width=\"300\" height=\"300\" src=\"https:\/\/www.isdv.net\/wp-content\/uploads\/Mythen_der_VAW-300x300.png\" class=\"attachment-medium size-medium wp-image-5913\" alt=\"\" srcset=\"https:\/\/www.isdv.net\/wp-content\/uploads\/Mythen_der_VAW-300x300.png 300w, https:\/\/www.isdv.net\/wp-content\/uploads\/Mythen_der_VAW-1024x1024.png 1024w, https:\/\/www.isdv.net\/wp-content\/uploads\/Mythen_der_VAW-150x150.png 150w, https:\/\/www.isdv.net\/wp-content\/uploads\/Mythen_der_VAW-768x768.png 768w, https:\/\/www.isdv.net\/wp-content\/uploads\/Mythen_der_VAW-1536x1536.png 1536w, https:\/\/www.isdv.net\/wp-content\/uploads\/Mythen_der_VAW-12x12.png 12w, https:\/\/www.isdv.net\/wp-content\/uploads\/Mythen_der_VAW-1320x1320.png 1320w, https:\/\/www.isdv.net\/wp-content\/uploads\/elementor\/thumbs\/Mythen_der_VAW-rcut9va3vqd57x3s9ygc2pf4lo8m0vnpsl18o8txu0.png 500w, https:\/\/www.isdv.net\/wp-content\/uploads\/elementor\/thumbs\/Mythen_der_VAW-rcut9va2nvkplwy1v1l5ymkrkc0zd4fzwsg2iucpsw.png 400w, https:\/\/www.isdv.net\/wp-content\/uploads\/Mythen_der_VAW.png 1920w\" sizes=\"(max-width: 300px) 100vw, 300px\" \/>\t\t\t\t\t\t\t\t\t\t\t\t\t\t\t<\/div>\n\t\t\t\t<\/div>\n\t\t\t\t\t<\/div>\n\t\t<\/div>\n\t\t\t\t\t<\/div>\n\t\t<\/section>\n\t\t\t\t<section class=\"ob-is-breaking-bad elementor-section elementor-top-section elementor-element elementor-element-31c0960 elementor-section-boxed elementor-section-height-default elementor-section-height-default\" data-id=\"31c0960\" data-element_type=\"section\" data-settings=\"{&quot;jet_parallax_layout_list&quot;:[],&quot;_ob_bbad_use_it&quot;:&quot;yes&quot;,&quot;_ob_bbad_sssic_use&quot;:&quot;no&quot;}\">\n\t\t\t\t\t\t<div class=\"elementor-container elementor-column-gap-default\">\n\t\t\t\t\t<div class=\"elementor-column elementor-col-100 elementor-top-column elementor-element elementor-element-2f81906\" data-id=\"2f81906\" data-element_type=\"column\" data-settings=\"{&quot;_ob_bbad_is_stalker&quot;:&quot;no&quot;}\">\n\t\t\t<div class=\"elementor-widget-wrap elementor-element-populated\">\n\t\t\t\t\t\t<div class=\"elementor-element elementor-element-cd7f15a elementor-widget elementor-widget-spacer\" data-id=\"cd7f15a\" data-element_type=\"widget\" data-widget_type=\"spacer.default\">\n\t\t\t\t<div class=\"elementor-widget-container\">\n\t\t\t\t\t\t\t<div class=\"elementor-spacer\">\n\t\t\t<div class=\"elementor-spacer-inner\"><\/div>\n\t\t<\/div>\n\t\t\t\t\t\t<\/div>\n\t\t\t\t<\/div>\n\t\t\t\t\t<\/div>\n\t\t<\/div>\n\t\t\t\t\t<\/div>\n\t\t<\/section>\n\t\t\t\t<section class=\"ob-is-breaking-bad elementor-section elementor-top-section elementor-element elementor-element-5f51352 elementor-section-boxed elementor-section-height-default elementor-section-height-default\" data-id=\"5f51352\" data-element_type=\"section\" data-settings=\"{&quot;jet_parallax_layout_list&quot;:[],&quot;_ob_bbad_use_it&quot;:&quot;yes&quot;,&quot;_ob_bbad_sssic_use&quot;:&quot;no&quot;}\">\n\t\t\t\t\t\t<div class=\"elementor-container elementor-column-gap-default\">\n\t\t\t\t\t<div class=\"elementor-column elementor-col-100 elementor-top-column elementor-element elementor-element-1467572\" data-id=\"1467572\" data-element_type=\"column\" data-settings=\"{&quot;_ob_bbad_is_stalker&quot;:&quot;no&quot;}\">\n\t\t\t<div class=\"elementor-widget-wrap elementor-element-populated\">\n\t\t\t\t\t\t<div class=\"elementor-element elementor-element-627d141 elementor-widget__width-initial elementor-widget elementor-widget-text-editor\" data-id=\"627d141\" data-element_type=\"widget\" data-widget_type=\"text-editor.default\">\n\t\t\t\t<div class=\"elementor-widget-container\">\n\t\t\t\t\t\t\t\t\t<p style=\"text-align: left;\">Es gibt viele Mythen im Rahmen der Selbst\u00e4ndigkeit, des Angestelltenseins und der Veranstaltungswirtschaft. Vieles davon ist gelebte und gelernte\u00a0 Halbwahrheit, anderes hat sich einfach so festgesetzt und wieder anderes ist einfach falsch ausgelegte Gesetzeslage.\u00a0<br \/>Jeder kennt die \u00c4u\u00dferung &#8222;das machen wir schon immer so&#8220;. Vieles, was wir schon immer so machen ist gut und sinnvoll. Anderes ist allerdings falsch, gesetzeswidrig oder einfach nur der plumpe Versuch, den Gesch\u00e4ftspartner (meist den Auftragnehmenden) oder Angestellten zu \u00fcbervorteilen.<\/p><p style=\"text-align: left;\">Die isdv will dabei helfen, den Dschungel etwas zu lichten und eine Hilfestellung f\u00fcr starke Verhandlungspositionen zu geben.\u00a0<\/p><p style=\"text-align: left;\">Deshalb sammeln wir in diesem Abschnitt Mythen, die angeblich so sein m\u00fcssen und kl\u00e4ren auf, wie es sich wirklich verh\u00e4lt.<\/p><p style=\"text-align: left;\">Gerne nehmen wir auch einen Mythos auf, den wir noch nicht kennen. Schreib uns einfach unter info@isdv.net an.<\/p>\t\t\t\t\t\t\t\t<\/div>\n\t\t\t\t<\/div>\n\t\t\t\t\t<\/div>\n\t\t<\/div>\n\t\t\t\t\t<\/div>\n\t\t<\/section>\n\t\t\t\t<section class=\"ob-is-breaking-bad elementor-section elementor-top-section elementor-element elementor-element-22b7ac0 elementor-section-boxed elementor-section-height-default elementor-section-height-default\" data-id=\"22b7ac0\" data-element_type=\"section\" data-settings=\"{&quot;jet_parallax_layout_list&quot;:[],&quot;_ob_bbad_use_it&quot;:&quot;yes&quot;,&quot;_ob_bbad_sssic_use&quot;:&quot;no&quot;}\">\n\t\t\t\t\t\t<div class=\"elementor-container elementor-column-gap-default\">\n\t\t\t\t\t<div class=\"elementor-column elementor-col-100 elementor-top-column elementor-element elementor-element-851bc4a\" data-id=\"851bc4a\" data-element_type=\"column\" data-settings=\"{&quot;_ob_bbad_is_stalker&quot;:&quot;no&quot;}\">\n\t\t\t<div class=\"elementor-widget-wrap elementor-element-populated\">\n\t\t\t\t\t\t<div class=\"elementor-element elementor-element-7203b00 elementor-widget elementor-widget-spacer\" data-id=\"7203b00\" data-element_type=\"widget\" data-widget_type=\"spacer.default\">\n\t\t\t\t<div class=\"elementor-widget-container\">\n\t\t\t\t\t\t\t<div class=\"elementor-spacer\">\n\t\t\t<div class=\"elementor-spacer-inner\"><\/div>\n\t\t<\/div>\n\t\t\t\t\t\t<\/div>\n\t\t\t\t<\/div>\n\t\t\t\t\t<\/div>\n\t\t<\/div>\n\t\t\t\t\t<\/div>\n\t\t<\/section>\n\t\t\t\t<section class=\"ob-is-breaking-bad elementor-section elementor-top-section elementor-element elementor-element-12003a1 elementor-section-boxed elementor-section-height-default elementor-section-height-default\" data-id=\"12003a1\" data-element_type=\"section\" data-settings=\"{&quot;jet_parallax_layout_list&quot;:[],&quot;_ob_bbad_use_it&quot;:&quot;yes&quot;,&quot;_ob_bbad_sssic_use&quot;:&quot;no&quot;}\">\n\t\t\t\t\t\t<div class=\"elementor-container elementor-column-gap-default\">\n\t\t\t\t\t<div class=\"elementor-column elementor-col-100 elementor-top-column elementor-element elementor-element-a3655c6\" data-id=\"a3655c6\" data-element_type=\"column\" data-settings=\"{&quot;_ob_bbad_is_stalker&quot;:&quot;no&quot;}\">\n\t\t\t<div class=\"elementor-widget-wrap elementor-element-populated\">\n\t\t\t\t\t\t<div class=\"elementor-element elementor-element-35a4576 elementor-widget elementor-widget-jet-images-layout\" data-id=\"35a4576\" data-element_type=\"widget\" data-settings=\"{&quot;columns&quot;:&quot;4&quot;}\" data-widget_type=\"jet-images-layout.default\">\n\t\t\t\t<div class=\"elementor-widget-container\">\n\t\t\t\t\t<div class=\"elementor-jet-images-layout jet-elements\">\n<div class=\"jet-images-layout layout-type-masonry\" data-settings='{&quot;layoutType&quot;:&quot;masonry&quot;,&quot;justifyHeight&quot;:300}'>\n\t<div class=\"jet-images-layout__list salvattore column-desktop-4 column-tablet-2 column-mobile-1\" data-columns>\n<div class=\"jet-images-layout__item\">\n\t<div class=\"jet-images-layout__inner\">\n\t\t<div class=\"jet-images-layout__image-loader\"><span><\/span><\/div>\n\t\t<a class=\"jet-images-layout__link\" href=\"https:\/\/www.isdv.net\/en\/mythos_1\/\" target=\"_blank\" rel=\"\">\n\t\t\t<div class=\"jet-images-layout__image\">\n\t\t\t\t<img decoding=\"async\" src=\"https:\/\/www.isdv.net\/wp-content\/uploads\/Mythos-1_Link-1024x1024.jpg\" alt=\"Mythos 1_Link\" class=\"jet-images-layout__image-instance\" width=\"0\" height=\"0\" \/>\t\t\t<\/div>\n\t\t\t<div class=\"jet-images-layout__content\"><\/div>\n\t\t<\/a>\n\t<\/div>\n<\/div>\n<div class=\"jet-images-layout__item\">\n\t<div class=\"jet-images-layout__inner\">\n\t\t<div class=\"jet-images-layout__image-loader\"><span><\/span><\/div>\n\t\t<a class=\"jet-images-layout__link\" href=\"https:\/\/www.isdv.net\/en\/mythos_2\/\" target=\"_blank\" rel=\"\">\n\t\t\t<div class=\"jet-images-layout__image\">\n\t\t\t\t<img decoding=\"async\" src=\"https:\/\/www.isdv.net\/wp-content\/uploads\/Mythos-2_Link-1024x1024.jpg\" alt=\"Mythos 2_Link\" class=\"jet-images-layout__image-instance\" width=\"0\" height=\"0\" \/>\t\t\t<\/div>\n\t\t\t<div class=\"jet-images-layout__content\"><\/div>\n\t\t<\/a>\n\t<\/div>\n<\/div>\n<div class=\"jet-images-layout__item\">\n\t<div class=\"jet-images-layout__inner\">\n\t\t<div class=\"jet-images-layout__image-loader\"><span><\/span><\/div>\n\t\t<a class=\"jet-images-layout__link\" href=\"https:\/\/www.isdv.net\/en\/mythos_3\/\" target=\"_blank\" rel=\"\">\n\t\t\t<div class=\"jet-images-layout__image\">\n\t\t\t\t<img loading=\"lazy\" decoding=\"async\" src=\"https:\/\/www.isdv.net\/wp-content\/uploads\/Mythos-3_Link-1024x1024.jpg\" alt=\"Mythos 3_Link\" class=\"jet-images-layout__image-instance\" width=\"0\" height=\"0\" \/>\t\t\t<\/div>\n\t\t\t<div class=\"jet-images-layout__content\"><\/div>\n\t\t<\/a>\n\t<\/div>\n<\/div>\n<div class=\"jet-images-layout__item\">\n\t<div class=\"jet-images-layout__inner\">\n\t\t<div class=\"jet-images-layout__image-loader\"><span><\/span><\/div>\n\t\t<a class=\"jet-images-layout__link\" href=\"https:\/\/www.isdv.net\/en\/mythos_4\/\" target=\"_blank\" rel=\"\">\n\t\t\t<div class=\"jet-images-layout__image\">\n\t\t\t\t<img loading=\"lazy\" decoding=\"async\" src=\"https:\/\/www.isdv.net\/wp-content\/uploads\/Mythos-4_Link-1024x1024.jpg\" alt=\"Mythos 4_Link\" class=\"jet-images-layout__image-instance\" width=\"0\" height=\"0\" \/>\t\t\t<\/div>\n\t\t\t<div class=\"jet-images-layout__content\"><\/div>\n\t\t<\/a>\n\t<\/div>\n<\/div>\n<div class=\"jet-images-layout__item\">\n\t<div class=\"jet-images-layout__inner\">\n\t\t<div class=\"jet-images-layout__image-loader\"><span><\/span><\/div>\n\t\t<a class=\"jet-images-layout__link\" href=\"https:\/\/www.isdv.net\/en\/mythos_5\/\" target=\"_blank\" rel=\"\">\n\t\t\t<div class=\"jet-images-layout__image\">\n\t\t\t\t<img loading=\"lazy\" decoding=\"async\" src=\"https:\/\/www.isdv.net\/wp-content\/uploads\/Mythos-5_Link-1024x1024.jpg\" alt=\"Mythos 5_Link\" class=\"jet-images-layout__image-instance\" width=\"0\" height=\"0\" \/>\t\t\t<\/div>\n\t\t\t<div class=\"jet-images-layout__content\"><\/div>\n\t\t<\/a>\n\t<\/div>\n<\/div>\n<div class=\"jet-images-layout__item\">\n\t<div class=\"jet-images-layout__inner\">\n\t\t<div class=\"jet-images-layout__image-loader\"><span><\/span><\/div>\n\t\t<a class=\"jet-images-layout__link\" href=\"https:\/\/www.isdv.net\/en\/mythos_6\/\" target=\"_blank\" rel=\"\">\n\t\t\t<div class=\"jet-images-layout__image\">\n\t\t\t\t<img loading=\"lazy\" decoding=\"async\" src=\"https:\/\/www.isdv.net\/wp-content\/uploads\/Mythos-6_Link-1024x1024.jpg\" alt=\"Mythos 6_\" class=\"jet-images-layout__image-instance\" width=\"0\" height=\"0\" \/>\t\t\t<\/div>\n\t\t\t<div class=\"jet-images-layout__content\"><\/div>\n\t\t<\/a>\n\t<\/div>\n<\/div>\n<div class=\"jet-images-layout__item\">\n\t<div class=\"jet-images-layout__inner\">\n\t\t<div class=\"jet-images-layout__image-loader\"><span><\/span><\/div>\n\t\t<a class=\"jet-images-layout__link\" href=\"https:\/\/www.isdv.net\/en\/mythos_7\/\" target=\"_blank\" rel=\"\">\n\t\t\t<div class=\"jet-images-layout__image\">\n\t\t\t\t<img loading=\"lazy\" decoding=\"async\" src=\"https:\/\/www.isdv.net\/wp-content\/uploads\/Mythos-7_Link-1024x1024.jpg\" alt=\"Mythos 7\" class=\"jet-images-layout__image-instance\" width=\"0\" height=\"0\" \/>\t\t\t<\/div>\n\t\t\t<div class=\"jet-images-layout__content\"><\/div>\n\t\t<\/a>\n\t<\/div>\n<\/div>\n<div class=\"jet-images-layout__item\">\n\t<div class=\"jet-images-layout__inner\">\n\t\t<div class=\"jet-images-layout__image-loader\"><span><\/span><\/div>\n\t\t<a class=\"jet-images-layout__link\" href=\"https:\/\/www.isdv.net\/en\/mythos_8\/\" target=\"_blank\" rel=\"\">\n\t\t\t<div class=\"jet-images-layout__image\">\n\t\t\t\t<img loading=\"lazy\" decoding=\"async\" src=\"https:\/\/www.isdv.net\/wp-content\/uploads\/Mythos-8_Link-1024x1024.jpg\" alt=\"Mythos 8\" class=\"jet-images-layout__image-instance\" width=\"0\" height=\"0\" \/>\t\t\t<\/div>\n\t\t\t<div class=\"jet-images-layout__content\"><\/div>\n\t\t<\/a>\n\t<\/div>\n<\/div>\n<div class=\"jet-images-layout__item\">\n\t<div class=\"jet-images-layout__inner\">\n\t\t<div class=\"jet-images-layout__image-loader\"><span><\/span><\/div>\n\t\t<a class=\"jet-images-layout__link\" href=\"https:\/\/www.isdv.net\/en\/mythos_9\/\" target=\"_blank\" rel=\"\">\n\t\t\t<div class=\"jet-images-layout__image\">\n\t\t\t\t<img loading=\"lazy\" decoding=\"async\" src=\"https:\/\/www.isdv.net\/wp-content\/uploads\/Mythos-9_Link-1024x1024.jpg\" alt=\"Mythos 9\" class=\"jet-images-layout__image-instance\" width=\"0\" height=\"0\" \/>\t\t\t<\/div>\n\t\t\t<div class=\"jet-images-layout__content\"><\/div>\n\t\t<\/a>\n\t<\/div>\n<\/div>\n<div class=\"jet-images-layout__item\">\n\t<div class=\"jet-images-layout__inner\">\n\t\t<div class=\"jet-images-layout__image-loader\"><span><\/span><\/div>\n\t\t<a class=\"jet-images-layout__link\" href=\"https:\/\/www.isdv.net\/en\/mythos_10\/\" target=\"_blank\" rel=\"\">\n\t\t\t<div class=\"jet-images-layout__image\">\n\t\t\t\t<img loading=\"lazy\" decoding=\"async\" src=\"https:\/\/www.isdv.net\/wp-content\/uploads\/Mythos-10_Link-1024x1024.jpg\" alt=\"Mythos 10_Link\" class=\"jet-images-layout__image-instance\" width=\"0\" height=\"0\" \/>\t\t\t<\/div>\n\t\t\t<div class=\"jet-images-layout__content\"><\/div>\n\t\t<\/a>\n\t<\/div>\n<\/div>\n<\/div><\/div>\n<\/div>\t\t\t\t<\/div>\n\t\t\t\t<\/div>\n\t\t\t\t\t<\/div>\n\t\t<\/div>\n\t\t\t\t\t<\/div>\n\t\t<\/section>\n\t\t\t\t<section class=\"ob-is-breaking-bad elementor-section elementor-top-section elementor-element elementor-element-3dde65c elementor-section-boxed elementor-section-height-default elementor-section-height-default\" data-id=\"3dde65c\" data-element_type=\"section\" data-settings=\"{&quot;jet_parallax_layout_list&quot;:[],&quot;_ob_bbad_use_it&quot;:&quot;yes&quot;,&quot;_ob_bbad_sssic_use&quot;:&quot;no&quot;}\">\n\t\t\t\t\t\t<div class=\"elementor-container elementor-column-gap-default\">\n\t\t\t\t\t<div class=\"elementor-column elementor-col-100 elementor-top-column elementor-element elementor-element-8a9ff84\" data-id=\"8a9ff84\" data-element_type=\"column\" data-settings=\"{&quot;_ob_bbad_is_stalker&quot;:&quot;no&quot;}\">\n\t\t\t<div class=\"elementor-widget-wrap elementor-element-populated\">\n\t\t\t\t\t\t<div class=\"elementor-element elementor-element-7abb5f9 elementor-widget elementor-widget-spacer\" data-id=\"7abb5f9\" data-element_type=\"widget\" data-widget_type=\"spacer.default\">\n\t\t\t\t<div class=\"elementor-widget-container\">\n\t\t\t\t\t\t\t<div class=\"elementor-spacer\">\n\t\t\t<div class=\"elementor-spacer-inner\"><\/div>\n\t\t<\/div>\n\t\t\t\t\t\t<\/div>\n\t\t\t\t<\/div>\n\t\t\t\t\t<\/div>\n\t\t<\/div>\n\t\t\t\t\t<\/div>\n\t\t<\/section>\n\t\t\t\t<\/div>","protected":false},"excerpt":{"rendered":"<p>Es gibt viele Mythen im Rahmen der Selbst\u00e4ndigkeit, des Angestelltenseins und der Veranstaltungswirtschaft. Vieles davon ist gelebte und gelernte\u00a0 Halbwahrheit, anderes hat sich einfach so festgesetzt und wieder anderes ist einfach falsch ausgelegte Gesetzeslage.\u00a0Jeder kennt die \u00c4u\u00dferung &#8222;das machen wir schon immer so&#8220;. Vieles, was wir schon immer so machen ist gut und sinnvoll. Anderes [&hellip;]<\/p>\n","protected":false},"author":5,"featured_media":5913,"parent":0,"menu_order":0,"comment_status":"closed","ping_status":"closed","template":"","meta":{"_acf_changed":false,"footnotes":""},"class_list":["post-5725","page","type-page","status-publish","has-post-thumbnail","hentry"],"acf":[],"_links":{"self":[{"href":"https:\/\/www.isdv.net\/en\/wp-json\/wp\/v2\/pages\/5725","targetHints":{"allow":["GET"]}}],"collection":[{"href":"https:\/\/www.isdv.net\/en\/wp-json\/wp\/v2\/pages"}],"about":[{"href":"https:\/\/www.isdv.net\/en\/wp-json\/wp\/v2\/types\/page"}],"author":[{"embeddable":true,"href":"https:\/\/www.isdv.net\/en\/wp-json\/wp\/v2\/users\/5"}],"replies":[{"embeddable":true,"href":"https:\/\/www.isdv.net\/en\/wp-json\/wp\/v2\/comments?post=5725"}],"version-history":[{"count":94,"href":"https:\/\/www.isdv.net\/en\/wp-json\/wp\/v2\/pages\/5725\/revisions"}],"predecessor-version":[{"id":6154,"href":"https:\/\/www.isdv.net\/en\/wp-json\/wp\/v2\/pages\/5725\/revisions\/6154"}],"wp:featuredmedia":[{"embeddable":true,"href":"https:\/\/www.isdv.net\/en\/wp-json\/wp\/v2\/media\/5913"}],"wp:attachment":[{"href":"https:\/\/www.isdv.net\/en\/wp-json\/wp\/v2\/media?parent=5725"}],"curies":[{"name":"wp","href":"https:\/\/api.w.org\/{rel}","templated":true}]}}