{"id":5717,"date":"2025-09-10T16:08:54","date_gmt":"2025-09-10T14:08:54","guid":{"rendered":"https:\/\/www.isdv.net\/?page_id=5717"},"modified":"2025-09-10T16:21:11","modified_gmt":"2025-09-10T14:21:11","slug":"mythos_2","status":"publish","type":"page","link":"https:\/\/www.isdv.net\/en\/mythos_2\/","title":{"rendered":"Mythos 2"},"content":{"rendered":"<div data-elementor-type=\"wp-page\" data-elementor-id=\"5717\" class=\"elementor elementor-5717\" data-elementor-post-type=\"page\">\n\t\t\t\t\t\t<section class=\"ob-is-breaking-bad elementor-section elementor-top-section elementor-element elementor-element-eefa8db elementor-section-boxed elementor-section-height-default elementor-section-height-default\" data-id=\"eefa8db\" data-element_type=\"section\" data-settings=\"{&quot;jet_parallax_layout_list&quot;:[],&quot;_ob_bbad_use_it&quot;:&quot;yes&quot;,&quot;_ob_bbad_sssic_use&quot;:&quot;no&quot;}\">\n\t\t\t\t\t\t<div class=\"elementor-container elementor-column-gap-default\">\n\t\t\t\t\t<div class=\"elementor-column elementor-col-100 elementor-top-column elementor-element elementor-element-7566b92\" data-id=\"7566b92\" data-element_type=\"column\" data-settings=\"{&quot;_ob_bbad_is_stalker&quot;:&quot;no&quot;}\">\n\t\t\t<div class=\"elementor-widget-wrap elementor-element-populated\">\n\t\t\t\t\t\t<div class=\"elementor-element elementor-element-583079e elementor-widget elementor-widget-image\" data-id=\"583079e\" data-element_type=\"widget\" data-widget_type=\"image.default\">\n\t\t\t\t<div class=\"elementor-widget-container\">\n\t\t\t\t\t\t\t\t\t\t\t\t\t\t\t<img fetchpriority=\"high\" decoding=\"async\" width=\"300\" height=\"300\" src=\"https:\/\/www.isdv.net\/wp-content\/uploads\/Mythen_der_VAW-300x300.png\" class=\"attachment-medium size-medium wp-image-5913\" alt=\"\" srcset=\"https:\/\/www.isdv.net\/wp-content\/uploads\/Mythen_der_VAW-300x300.png 300w, https:\/\/www.isdv.net\/wp-content\/uploads\/Mythen_der_VAW-1024x1024.png 1024w, https:\/\/www.isdv.net\/wp-content\/uploads\/Mythen_der_VAW-150x150.png 150w, https:\/\/www.isdv.net\/wp-content\/uploads\/Mythen_der_VAW-768x768.png 768w, https:\/\/www.isdv.net\/wp-content\/uploads\/Mythen_der_VAW-1536x1536.png 1536w, https:\/\/www.isdv.net\/wp-content\/uploads\/Mythen_der_VAW-12x12.png 12w, https:\/\/www.isdv.net\/wp-content\/uploads\/Mythen_der_VAW-1320x1320.png 1320w, https:\/\/www.isdv.net\/wp-content\/uploads\/elementor\/thumbs\/Mythen_der_VAW-rcut9va3vqd57x3s9ygc2pf4lo8m0vnpsl18o8txu0.png 500w, https:\/\/www.isdv.net\/wp-content\/uploads\/elementor\/thumbs\/Mythen_der_VAW-rcut9va2nvkplwy1v1l5ymkrkc0zd4fzwsg2iucpsw.png 400w, https:\/\/www.isdv.net\/wp-content\/uploads\/Mythen_der_VAW.png 1920w\" sizes=\"(max-width: 300px) 100vw, 300px\" \/>\t\t\t\t\t\t\t\t\t\t\t\t\t\t\t<\/div>\n\t\t\t\t<\/div>\n\t\t\t\t<div class=\"elementor-element elementor-element-a9e3308 elementor-widget elementor-widget-heading\" data-id=\"a9e3308\" data-element_type=\"widget\" data-widget_type=\"heading.default\">\n\t\t\t\t<div class=\"elementor-widget-container\">\n\t\t\t\t\t<h2 class=\"elementor-heading-title elementor-size-default\"><br>\nMythos 2<\/h2>\t\t\t\t<\/div>\n\t\t\t\t<\/div>\n\t\t\t\t\t<\/div>\n\t\t<\/div>\n\t\t\t\t\t<\/div>\n\t\t<\/section>\n\t\t\t\t<section class=\"ob-is-breaking-bad elementor-section elementor-top-section elementor-element elementor-element-112e4ee elementor-section-boxed elementor-section-height-default elementor-section-height-default\" data-id=\"112e4ee\" data-element_type=\"section\" data-settings=\"{&quot;jet_parallax_layout_list&quot;:[],&quot;_ob_bbad_use_it&quot;:&quot;yes&quot;,&quot;_ob_bbad_sssic_use&quot;:&quot;no&quot;}\">\n\t\t\t\t\t\t<div class=\"elementor-container elementor-column-gap-default\">\n\t\t\t\t\t<div class=\"elementor-column elementor-col-100 elementor-top-column elementor-element elementor-element-df51325\" data-id=\"df51325\" data-element_type=\"column\" data-settings=\"{&quot;_ob_bbad_is_stalker&quot;:&quot;no&quot;}\">\n\t\t\t<div class=\"elementor-widget-wrap elementor-element-populated\">\n\t\t\t\t\t\t<div class=\"elementor-element elementor-element-627d141 elementor-widget__width-initial elementor-widget elementor-widget-text-editor\" data-id=\"627d141\" data-element_type=\"widget\" data-widget_type=\"text-editor.default\">\n\t\t\t\t<div class=\"elementor-widget-container\">\n\t\t\t\t\t\t\t\t\t<p><span data-contrast=\"auto\">&#8222;Du musst mit Deiner Rechnung den Originalbeleg mitschicken. Sonst kann ich das nicht bezahlen.&#8220;<\/span>\u00a0<\/p><p><span style=\"text-decoration: underline;\"><strong>Stimmt nicht.<\/strong><\/span>\u00a0<\/p><p><span data-contrast=\"auto\">Originalbelege, die auf Deinen Namen ausgestellt sind, geh\u00f6ren nur Dir. Nur Originale darfst Du in Deiner Buchhaltung verwenden. Wenn Dein Auftraggeber kontrollieren m\u00f6chte, dass Du nicht zu viel weiterberechnet hast, dann kannst Du so nett (!) sein, eine Kopie anzufertigen und diese mit der Rechnung zu versenden. Grunds\u00e4tzlich darfst Du alles (auch mit Gewinn f\u00fcr Dich) weiterberechnen oder im Angebot bereits eine Pauschale anf\u00fchren und dann &#8222;berechnen wie angeboten&#8220; (ohne weiteren Beleg). <\/span>\u00a0<\/p><p>Wenn Du etwas weiterberechnest, beeinflusst das immer Deinen Gewinn. Du musst also die entsprechende Kostenposition als Ausgabe dagegen rechnen k\u00f6nnen. Deshalb bleibt in so einem Fall das Original bei Dir.<\/p><p>Anders ist das, wenn Du etwas f\u00fcr Deinen Kunden bezahlst und das Geld z.B. bar wiederbekommst. Dann ist es f\u00fcr Dich buchhalterisch egal und Dein Kunde bekommt den originalen Beleg. Bei mehreren Belegen, z.B. im Laufe einer Produktion, kann man auch einen Auslagenbeleg schreiben und darauf alle Auslagen auflisten. Dann bekommst Du alles in einer Summe \u00fcberwiesen. Dieser Auslagenbeleg gilt dann als Gegenbeleg zu dem Geldeingang auf Deinem Konto. Der Beleg muss also in Deine Buchhaltung. Damit wird es zum durchlaufenden Posten und beeinflusst Deinen Gewinn nicht. Wichtig dabei ist, dass auf keinem der ausgelegten Belege Dein Name\/Anschrift steht. Ansonsten musst Du die Kosten weiterberechnen.<\/p>\t\t\t\t\t\t\t\t<\/div>\n\t\t\t\t<\/div>\n\t\t\t\t\t<\/div>\n\t\t<\/div>\n\t\t\t\t\t<\/div>\n\t\t<\/section>\n\t\t\t\t<\/div>","protected":false},"excerpt":{"rendered":"<p>Mythos 2 &#8222;Du musst mit Deiner Rechnung den Originalbeleg mitschicken. Sonst kann ich das nicht bezahlen.&#8220;\u00a0 Stimmt nicht.\u00a0 Originalbelege, die auf Deinen Namen ausgestellt sind, geh\u00f6ren nur Dir. Nur Originale darfst Du in Deiner Buchhaltung verwenden. Wenn Dein Auftraggeber kontrollieren m\u00f6chte, dass Du nicht zu viel weiterberechnet hast, dann kannst Du so nett (!) sein, [&hellip;]<\/p>\n","protected":false},"author":5,"featured_media":0,"parent":0,"menu_order":0,"comment_status":"closed","ping_status":"closed","template":"","meta":{"_acf_changed":false,"footnotes":""},"class_list":["post-5717","page","type-page","status-publish","hentry"],"acf":[],"_links":{"self":[{"href":"https:\/\/www.isdv.net\/en\/wp-json\/wp\/v2\/pages\/5717","targetHints":{"allow":["GET"]}}],"collection":[{"href":"https:\/\/www.isdv.net\/en\/wp-json\/wp\/v2\/pages"}],"about":[{"href":"https:\/\/www.isdv.net\/en\/wp-json\/wp\/v2\/types\/page"}],"author":[{"embeddable":true,"href":"https:\/\/www.isdv.net\/en\/wp-json\/wp\/v2\/users\/5"}],"replies":[{"embeddable":true,"href":"https:\/\/www.isdv.net\/en\/wp-json\/wp\/v2\/comments?post=5717"}],"version-history":[{"count":13,"href":"https:\/\/www.isdv.net\/en\/wp-json\/wp\/v2\/pages\/5717\/revisions"}],"predecessor-version":[{"id":5964,"href":"https:\/\/www.isdv.net\/en\/wp-json\/wp\/v2\/pages\/5717\/revisions\/5964"}],"wp:attachment":[{"href":"https:\/\/www.isdv.net\/en\/wp-json\/wp\/v2\/media?parent=5717"}],"curies":[{"name":"wp","href":"https:\/\/api.w.org\/{rel}","templated":true}]}}