{"id":5474,"date":"2025-01-14T17:02:42","date_gmt":"2025-01-14T16:02:42","guid":{"rendered":"https:\/\/www.isdv.net\/?page_id=5474"},"modified":"2025-02-27T22:33:18","modified_gmt":"2025-02-27T21:33:18","slug":"bildung","status":"publish","type":"page","link":"https:\/\/www.isdv.net\/en\/bildung\/","title":{"rendered":"Education"},"content":{"rendered":"<div data-elementor-type=\"wp-page\" data-elementor-id=\"5474\" class=\"elementor elementor-5474\" data-elementor-post-type=\"page\">\n\t\t\t\t\t\t<section class=\"ob-is-breaking-bad elementor-section elementor-top-section elementor-element elementor-element-24cd501 elementor-section-content-middle elementor-section-boxed elementor-section-height-default elementor-section-height-default\" data-id=\"24cd501\" data-element_type=\"section\" data-settings=\"{&quot;background_background&quot;:&quot;classic&quot;,&quot;jet_parallax_layout_list&quot;:[],&quot;_ob_bbad_use_it&quot;:&quot;yes&quot;,&quot;_ob_bbad_sssic_use&quot;:&quot;no&quot;}\">\n\t\t\t\t\t\t<div class=\"elementor-container elementor-column-gap-no\">\n\t\t\t\t\t<div class=\"elementor-column elementor-col-100 elementor-top-column elementor-element elementor-element-afae72e\" data-id=\"afae72e\" data-element_type=\"column\" data-settings=\"{&quot;_ob_bbad_is_stalker&quot;:&quot;no&quot;}\">\n\t\t\t<div class=\"elementor-widget-wrap elementor-element-populated\">\n\t\t\t\t\t\t<div class=\"elementor-element elementor-element-7cb6fde elementor-widget elementor-widget-heading\" data-id=\"7cb6fde\" data-element_type=\"widget\" data-widget_type=\"heading.default\">\n\t\t\t\t<div class=\"elementor-widget-container\">\n\t\t\t\t\t<h1 class=\"elementor-heading-title elementor-size-xl\">Education<\/h1>\t\t\t\t<\/div>\n\t\t\t\t<\/div>\n\t\t\t\t<div class=\"elementor-element elementor-element-5e66db9 elementor-widget elementor-widget-text-editor\" data-id=\"5e66db9\" data-element_type=\"widget\" data-widget_type=\"text-editor.default\">\n\t\t\t\t<div class=\"elementor-widget-container\">\n\t\t\t\t\t\t\t\t\t<p>Der isdv e.V. legt gro\u00dfen Wert auf die Aus- und Weiterbildung seiner Mitglieder und der gesamten Veranstaltungsbranche. In diesem Zusammenhang freuen wir uns, eine exklusive Kooperation mit der Event-Akademie der EurAka Baden-Baden gGmbH bekannt zu geben.<\/p><p>Die Event-Akademie ist ein renommierter Bildungstr\u00e4ger, der sich auf die Veranstaltungsbranche spezialisiert hat. Als Kompetenzzentrum bietet sie ein umfassendes Angebot von der Ausbildung bis zur Meisterqualifikation (IHK) in verschiedenen Bereichen wie Eventmanagement, Veranstaltungstechnik, Veranstaltungssicherheit, Produktion, Rigging sowie Ton, Video &amp; Beschallung.<\/p><p>Durch unsere Partnerschaft mit der Event-Akademie k\u00f6nnen isdv-Mitglieder von folgenden Vorteilen profitieren:<\/p><ul><li><p>Exklusive Rabatte auf Weiterbildungsangebote<\/p><\/li><li><p>Zugang zu ma\u00dfgeschneiderten Kursen f\u00fcr selbst\u00e4ndige Dienstleister in der Veranstaltungswirtschaft<\/p><\/li><li><p>M\u00f6glichkeit zur Teilnahme an praxisnahen Schulungen mit erfahrenen Branchenprofis<\/p><\/li><\/ul><p>Diese Kooperation unterstreicht unser Engagement, unseren Mitgliedern hochwertige Bildungsm\u00f6glichkeiten zu bieten und ihre berufliche Entwicklung zu f\u00f6rdern. Wir sind \u00fcberzeugt, dass diese Zusammenarbeit einen wertvollen Beitrag zur Professionalisierung und Wettbewerbsf\u00e4higkeit unserer Branche leisten wird.<\/p><p>F\u00fcr weitere Informationen zu den Bildungsangeboten und den speziellen Konditionen f\u00fcr isdv-Mitglieder kontaktiert bitte unsere Gesch\u00e4ftsstelle.<\/p><p><a href=\"https:\/\/www.event-akademie.de\/\" target=\"_blank\" rel=\"noopener\"><br \/><img fetchpriority=\"high\" decoding=\"async\" class=\"aligncenter\" src=\"https:\/\/www.isdv.net\/wp-content\/uploads\/Logo_EventAka_Orange_Marke-2-1024x258.png\" sizes=\"auto, (max-width: 800px) 100vw, 800px\" srcset=\"https:\/\/www.isdv.net\/wp-content\/uploads\/Logo_EventAka_Orange_Marke-2-1024x258.png 1024w, https:\/\/www.isdv.net\/wp-content\/uploads\/Logo_EventAka_Orange_Marke-2-300x76.png 300w, https:\/\/www.isdv.net\/wp-content\/uploads\/Logo_EventAka_Orange_Marke-2-768x193.png 768w, https:\/\/www.isdv.net\/wp-content\/uploads\/Logo_EventAka_Orange_Marke-2-1536x387.png 1536w, https:\/\/www.isdv.net\/wp-content\/uploads\/Logo_EventAka_Orange_Marke-2-2048x516.png 2048w, https:\/\/www.isdv.net\/wp-content\/uploads\/Logo_EventAka_Orange_Marke-2-18x5.png 18w, https:\/\/www.isdv.net\/wp-content\/uploads\/Logo_EventAka_Orange_Marke-2-1320x332.png 1320w\" alt=\"\" width=\"800\" height=\"202\" \/> <\/a><\/p>\t\t\t\t\t\t\t\t<\/div>\n\t\t\t\t<\/div>\n\t\t\t\t\t<\/div>\n\t\t<\/div>\n\t\t\t\t\t<\/div>\n\t\t<\/section>\n\t\t\t\t<\/div>","protected":false},"excerpt":{"rendered":"<p>Bildung Der isdv e.V. legt gro\u00dfen Wert auf die Aus- und Weiterbildung seiner Mitglieder und der gesamten Veranstaltungsbranche. In diesem Zusammenhang freuen wir uns, eine exklusive Kooperation mit der Event-Akademie der EurAka Baden-Baden gGmbH bekannt zu geben. Die Event-Akademie ist ein renommierter Bildungstr\u00e4ger, der sich auf die Veranstaltungsbranche spezialisiert hat. Als Kompetenzzentrum bietet sie ein [&hellip;]<\/p>\n","protected":false},"author":8,"featured_media":5579,"parent":0,"menu_order":0,"comment_status":"closed","ping_status":"closed","template":"","meta":{"_acf_changed":false,"footnotes":""},"class_list":["post-5474","page","type-page","status-publish","has-post-thumbnail","hentry"],"acf":[],"_links":{"self":[{"href":"https:\/\/www.isdv.net\/en\/wp-json\/wp\/v2\/pages\/5474","targetHints":{"allow":["GET"]}}],"collection":[{"href":"https:\/\/www.isdv.net\/en\/wp-json\/wp\/v2\/pages"}],"about":[{"href":"https:\/\/www.isdv.net\/en\/wp-json\/wp\/v2\/types\/page"}],"author":[{"embeddable":true,"href":"https:\/\/www.isdv.net\/en\/wp-json\/wp\/v2\/users\/8"}],"replies":[{"embeddable":true,"href":"https:\/\/www.isdv.net\/en\/wp-json\/wp\/v2\/comments?post=5474"}],"version-history":[{"count":43,"href":"https:\/\/www.isdv.net\/en\/wp-json\/wp\/v2\/pages\/5474\/revisions"}],"predecessor-version":[{"id":5603,"href":"https:\/\/www.isdv.net\/en\/wp-json\/wp\/v2\/pages\/5474\/revisions\/5603"}],"wp:featuredmedia":[{"embeddable":true,"href":"https:\/\/www.isdv.net\/en\/wp-json\/wp\/v2\/media\/5579"}],"wp:attachment":[{"href":"https:\/\/www.isdv.net\/en\/wp-json\/wp\/v2\/media?parent=5474"}],"curies":[{"name":"wp","href":"https:\/\/api.w.org\/{rel}","templated":true}]}}