{"id":4295,"date":"2023-04-17T13:02:59","date_gmt":"2023-04-17T13:02:59","guid":{"rendered":"https:\/\/www.isdv.net\/?page_id=4295"},"modified":"2023-07-11T11:08:22","modified_gmt":"2023-07-11T09:08:22","slug":"deals","status":"publish","type":"page","link":"https:\/\/www.isdv.net\/en\/deals\/","title":{"rendered":"deal"},"content":{"rendered":"<div data-elementor-type=\"wp-page\" data-elementor-id=\"4295\" class=\"elementor elementor-4295\" data-elementor-post-type=\"page\">\n\t\t\t\t\t\t<section class=\"ob-is-breaking-bad elementor-section elementor-top-section elementor-element elementor-element-9e93b76 elementor-section-content-middle elementor-section-boxed elementor-section-height-default elementor-section-height-default\" data-id=\"9e93b76\" data-element_type=\"section\" data-settings=\"{&quot;background_background&quot;:&quot;classic&quot;,&quot;jet_parallax_layout_list&quot;:[],&quot;_ob_bbad_use_it&quot;:&quot;yes&quot;,&quot;_ob_bbad_sssic_use&quot;:&quot;no&quot;}\">\n\t\t\t\t\t\t<div class=\"elementor-container elementor-column-gap-no\">\n\t\t\t\t\t<div class=\"elementor-column elementor-col-100 elementor-top-column elementor-element elementor-element-5fae5cc\" data-id=\"5fae5cc\" data-element_type=\"column\" data-settings=\"{&quot;_ob_bbad_is_stalker&quot;:&quot;no&quot;}\">\n\t\t\t<div class=\"elementor-widget-wrap elementor-element-populated\">\n\t\t\t\t\t\t<div class=\"elementor-element elementor-element-ce52081 elementor-widget elementor-widget-heading\" data-id=\"ce52081\" data-element_type=\"widget\" data-widget_type=\"heading.default\">\n\t\t\t\t<div class=\"elementor-widget-container\">\n\t\t\t\t\t<h1 class=\"elementor-heading-title elementor-size-default\">deal<\/h1>\t\t\t\t<\/div>\n\t\t\t\t<\/div>\n\t\t\t\t<div class=\"elementor-element elementor-element-326c174 elementor-widget elementor-widget-spacer\" data-id=\"326c174\" data-element_type=\"widget\" data-widget_type=\"spacer.default\">\n\t\t\t\t<div class=\"elementor-widget-container\">\n\t\t\t\t\t\t\t<div class=\"elementor-spacer\">\n\t\t\t<div class=\"elementor-spacer-inner\"><\/div>\n\t\t<\/div>\n\t\t\t\t\t\t<\/div>\n\t\t\t\t<\/div>\n\t\t\t\t<div class=\"elementor-element elementor-element-0777647 elementor-position-left elementor-vertical-align-top elementor-widget elementor-widget-image-box\" data-id=\"0777647\" data-element_type=\"widget\" data-widget_type=\"image-box.default\">\n\t\t\t\t<div class=\"elementor-widget-container\">\n\t\t\t\t\t<div class=\"elementor-image-box-wrapper\"><figure class=\"elementor-image-box-img\"><a href=\"https:\/\/www.isdv.net\/en\/forum\/\" target=\"_blank\" tabindex=\"-1\" rel=\"noopener\"><img fetchpriority=\"high\" decoding=\"async\" width=\"520\" height=\"595\" src=\"https:\/\/www.isdv.net\/wp-content\/uploads\/isdv-deals.jpg\" class=\"attachment-large size-large wp-image-4299\" alt=\"\" srcset=\"https:\/\/www.isdv.net\/wp-content\/uploads\/isdv-deals.jpg 520w, https:\/\/www.isdv.net\/wp-content\/uploads\/isdv-deals-262x300.jpg 262w\" sizes=\"(max-width: 520px) 100vw, 520px\" \/><\/a><\/figure><div class=\"elementor-image-box-content\"><p class=\"elementor-image-box-description\">The isdv has concluded framework agreements in order to save its members real money. isdv members receive discounts from the following companies:<br><br>\n<ul>\n<li>isdv-Business-Care - Four professional insurances in one package<\/li>\n<li>Sixt rental car<\/li>\n<li>Europcar - car rental<\/li>\n<li>DTHG - library access and specialist book purchase<\/li>\n<li>Telekom - special deals for the self-employed<\/li>\n<li>WAFA purchasing group - electricity, insurance, diesel<\/li>\n<li>cheap car, van and truck leasing and purchase advantages with a large sales chain<\/li>\n<\/ul>\n<br>\nThe deals can be found in the member forum:<br><br>\n<a href=\"https:\/\/www.isdv.net\/en\/forum\/\" target=\"_blank\" class=\"elementor-button\">isdv forum<\/a><\/p><\/div><\/div>\t\t\t\t<\/div>\n\t\t\t\t<\/div>\n\t\t\t\t\t<\/div>\n\t\t<\/div>\n\t\t\t\t\t<\/div>\n\t\t<\/section>\n\t\t\t\t<\/div>","protected":false},"excerpt":{"rendered":"<p>Deals Die isdv hat Rahmenabkommen geschlossen, um ihren Mitgliedern bares Geld zu sparen. Bei folgenden Firmen bekommen isdv-Mitglieder Rabatte: isdv-Business-Care &#8211; Vier Berufsversicherungen in einem Paket Sixt -Mietwagen Europcar &#8211; Mietwagen DTHG &#8211; Bibilothekszugang und Fachbuchkauf Telekom &#8211; Sonderdeals f\u00fcr Selbst\u00e4ndige WAFA-Einkaufsgemeinschaft &#8211; Strom, Versicherungen, Diesel g\u00fcnstige KFZ-, Transporter- und LKW-Leasing- und Kaufvorteile bei einer [&hellip;]<\/p>\n","protected":false},"author":8,"featured_media":0,"parent":0,"menu_order":0,"comment_status":"closed","ping_status":"closed","template":"","meta":{"_acf_changed":false,"footnotes":""},"class_list":["post-4295","page","type-page","status-publish","hentry"],"acf":[],"_links":{"self":[{"href":"https:\/\/www.isdv.net\/en\/wp-json\/wp\/v2\/pages\/4295","targetHints":{"allow":["GET"]}}],"collection":[{"href":"https:\/\/www.isdv.net\/en\/wp-json\/wp\/v2\/pages"}],"about":[{"href":"https:\/\/www.isdv.net\/en\/wp-json\/wp\/v2\/types\/page"}],"author":[{"embeddable":true,"href":"https:\/\/www.isdv.net\/en\/wp-json\/wp\/v2\/users\/8"}],"replies":[{"embeddable":true,"href":"https:\/\/www.isdv.net\/en\/wp-json\/wp\/v2\/comments?post=4295"}],"version-history":[{"count":4,"href":"https:\/\/www.isdv.net\/en\/wp-json\/wp\/v2\/pages\/4295\/revisions"}],"predecessor-version":[{"id":4606,"href":"https:\/\/www.isdv.net\/en\/wp-json\/wp\/v2\/pages\/4295\/revisions\/4606"}],"wp:attachment":[{"href":"https:\/\/www.isdv.net\/en\/wp-json\/wp\/v2\/media?parent=4295"}],"curies":[{"name":"wp","href":"https:\/\/api.w.org\/{rel}","templated":true}]}}