{"id":3931,"date":"2023-03-22T14:56:44","date_gmt":"2023-03-22T14:56:44","guid":{"rendered":"https:\/\/www.isdv.net\/?page_id=3931"},"modified":"2024-06-21T14:40:41","modified_gmt":"2024-06-21T12:40:41","slug":"tagessatz","status":"publish","type":"page","link":"https:\/\/www.isdv.net\/en\/tagessatz\/","title":{"rendered":"daily rate"},"content":{"rendered":"<div data-elementor-type=\"wp-page\" data-elementor-id=\"3931\" class=\"elementor elementor-3931\" data-elementor-post-type=\"page\">\n\t\t\t\t\t\t<section class=\"ob-is-breaking-bad elementor-section elementor-top-section elementor-element elementor-element-24cd501 elementor-section-content-middle elementor-section-boxed elementor-section-height-default elementor-section-height-default\" data-id=\"24cd501\" data-element_type=\"section\" data-settings=\"{&quot;background_background&quot;:&quot;classic&quot;,&quot;jet_parallax_layout_list&quot;:[],&quot;_ob_bbad_use_it&quot;:&quot;yes&quot;,&quot;_ob_bbad_sssic_use&quot;:&quot;no&quot;}\">\n\t\t\t\t\t\t<div class=\"elementor-container elementor-column-gap-no\">\n\t\t\t\t\t<div class=\"elementor-column elementor-col-100 elementor-top-column elementor-element elementor-element-afae72e\" data-id=\"afae72e\" data-element_type=\"column\" data-settings=\"{&quot;_ob_bbad_is_stalker&quot;:&quot;no&quot;}\">\n\t\t\t<div class=\"elementor-widget-wrap elementor-element-populated\">\n\t\t\t\t\t\t<div class=\"elementor-element elementor-element-7cb6fde elementor-widget elementor-widget-heading\" data-id=\"7cb6fde\" data-element_type=\"widget\" data-widget_type=\"heading.default\">\n\t\t\t\t<div class=\"elementor-widget-container\">\n\t\t\t\t\t<h1 class=\"elementor-heading-title elementor-size-default\">daily rate<\/h1>\t\t\t\t<\/div>\n\t\t\t\t<\/div>\n\t\t\t\t<div class=\"elementor-element elementor-element-c6c7b22 elementor-widget elementor-widget-spacer\" data-id=\"c6c7b22\" data-element_type=\"widget\" data-widget_type=\"spacer.default\">\n\t\t\t\t<div class=\"elementor-widget-container\">\n\t\t\t\t\t\t\t<div class=\"elementor-spacer\">\n\t\t\t<div class=\"elementor-spacer-inner\"><\/div>\n\t\t<\/div>\n\t\t\t\t\t\t<\/div>\n\t\t\t\t<\/div>\n\t\t\t\t<div class=\"elementor-element elementor-element-b38302d elementor-widget elementor-widget-text-editor\" data-id=\"b38302d\" data-element_type=\"widget\" data-widget_type=\"text-editor.default\">\n\t\t\t\t<div class=\"elementor-widget-container\">\n\t\t\t\t\t\t\t\t\t<p><strong>42: The answer to everything?<\/strong><\/p><p>According to Douglas Adams, 42 is the answer to the all-encompassing question about life, the universe and everything else, but it is actually not insignificant for us self-employed in the event industry. A plea for more courage and entrepreneurial action when structuring daily rates.<\/p><p>I love my job. I think that&#039;s a sentence that makes our industry very different from many others. Not only are we all proud of what we do, we bring passion to every concert, conference, event we are involved with. But it is precisely this love and passion that has ensured that we have put ourselves in the role of low earners with the perspective of poverty in old age.<\/p><p>The 42 refers to an hourly rate set in a judgment (<a href=\"https:\/\/www.sozialgerichtsbarkeit.de\/legacy\/193619?modul=esgb&amp;id=193619\" target=\"_blank\" rel=\"noopener\">B 12R 7\/15R<\/a>) of the 12th Senate of the Federal Social Court (BSG) led to a remedial teacher classified by the German pension insurance as a bogus self-employed being able to successfully take action against this status.<\/p><p>The court came to the conclusion that &quot;the fee (...) was of particular importance in the context of the individual circumstances&quot;. This fee of \u20ac40 to \u20ac41.50 per hour of care was \u201csignificantly higher than the wages of a comparable employee\u201d and \u201cthus allowed for personal provision\u201d, according to the court, \u201can important indication of self-employment\u201d. This shows that there are more points to consider when it comes to daily rates than just the monthly fixed costs. Unfortunately, at current daily rates, most SEUs in the industry are typically a far cry from \u20ac42 per hour.<\/p><p>The income of a self-employed person does not only have to cover the monthly rent, electricity, gas and water, not only telephone and internet, not only living expenses and health insurance.<\/p><p>Above all, it must also include liability insurance and pension provision to an extent that does not leave you with ALG2 at retirement age.<\/p><p>And don&#039;t forget: Holidays, illness, further training, bookkeeping, reserves for times with few orders, tax consultants. In addition, entrepreneurial activity also means that the company should generate profit.<\/p><p>By the way, children have not yet appeared in this list at all. Even if you don&#039;t have one, you can&#039;t expect to suddenly be able to impose a significantly higher daily rate on your customers than before when parenthood is approaching.<\/p><p>Accordingly, the possibility of becoming parents must also be included in the daily rate. And last but not least, the payment is also a clear indication of the \u201cself-employed\u201d status, as the BSG determined.<\/p><p>A common mistake when calculating the daily rate is the misjudgment of the productive days that can actually be billed.<\/p><p>If we look at the 365 days of a year, the following days must be subtracted:<\/p><ul><li>days off (about 115 days). We rarely have Sundays and public holidays, but the number must still be the same.<\/li><li>vacation (20 days)<\/li><li>Sick days (14 days)<\/li><li>44 days for acquisition and marketing (1 day per work week)<\/li><li>44 days for work at the company and administration (writing invoices, bookkeeping, further training, 1 day per working week)<\/li><\/ul><p>That makes a total of 237 days of the year in which no money can be made.<\/p><p>There are 128 days left, i.e. 10.67 daily rates per month, which must generate the income.<\/p><p>If you work significantly more in a month, this must also be reflected in an additional income.<\/p><p>Another argument that is often used is that the market would not allow higher daily rates. And this is where the courage part begins.<br \/>Imagine a supermarket that would let its customers determine its prices \u2013 the end of the supermarket would be near.<br \/>And now imagine the buyer coming up with the argument that he doesn&#039;t have that much budget, in our industry for example organizers in clubs. Of course you can always negotiate, but it cannot and must not be to our disadvantage if customers cannot actually afford certain services and we take on this burden in the form of a small daily rate.<br \/>Unfortunately, in the past it has often become common practice for our customers to dictate the price to us. And it&#039;s up to us whether we bow to it or not. Of course, you need a sure instinct, nobody gets anything out of alienating their customers.<\/p><p>But experience also shows that the money is there and many customers would even be willing to pay more if they only insisted.<br \/>Of course, it is always difficult to change established structures. But the shutdown of our industry offers a unique opportunity: a restructuring of the price structure.<br \/>And not against our customers, but together with them.<\/p><p>It&#039;s important to understand: daily rates aren&#039;t set in stone.<\/p><p>The past has shown that small annual price increases of \u20ac10-20 scare off the fewest existing customers. In this way, you can start a slow but steady price development that does not overwhelm customers, but still raises the price level.<br \/>With new customers it is usually much better to set higher daily rates. Of course there will be customers here and there who will then say that it is too expensive for them, but courage also comes into play here: it is no drama not to get a badly paid job because it was too expensive. On the contrary, through clever entrepreneurial negotiations, it opens up the possibility of accepting an order that is better paid.<\/p><p>And last but not least, we should not forget one thing: our work also has value.<\/p><p>But we forget that all too often. Maybe it&#039;s because we&#039;ve always been used to working in secret. In the end, a not inconsiderable part of our job has always consisted of ensuring that no one really notices what we are doing. Conversely, this does not mean that our work has no value, on the contrary!<\/p><p>And this value must also be reflected in the payment.<\/p><p>The fact that there will continue to be a gap is only reasonable, after all, better performance, more experience and greater responsibility must also be reflected in the daily rate.<br \/>A low daily rate, on the other hand, always emits a less high-quality service.<\/p><p>Let&#039;s be courageous together, for fair and appropriate payment in the event industry!<\/p><p>Under the following link you can download the ZIP file of the ISDV daily rate calculator.<br \/>The ZIP contains an Excel file, a Numbers file and an explanatory text.<\/p>\t\t\t\t\t\t\t\t<\/div>\n\t\t\t\t<\/div>\n\t\t\t\t<div class=\"elementor-element elementor-element-32b6e3e elementor-mobile-align-justify elementor-widget elementor-widget-button\" data-id=\"32b6e3e\" data-element_type=\"widget\" data-widget_type=\"button.default\">\n\t\t\t\t<div class=\"elementor-widget-container\">\n\t\t\t\t\t\t\t\t\t<div class=\"elementor-button-wrapper\">\n\t\t\t\t\t<a class=\"elementor-button elementor-button-link elementor-size-sm\" href=\"\/wp-content\/uploads\/isdv_Tagessatzrechner.zip\" target=\"_blank\">\n\t\t\t\t\t\t<span class=\"elementor-button-content-wrapper\">\n\t\t\t\t\t\t\t\t\t<span class=\"elementor-button-text\">isdv daily rate calculator V2.2<\/span>\n\t\t\t\t\t<\/span>\n\t\t\t\t\t<\/a>\n\t\t\t\t<\/div>\n\t\t\t\t\t\t\t\t<\/div>\n\t\t\t\t<\/div>\n\t\t\t\t<div class=\"elementor-element elementor-element-5e66db9 elementor-widget elementor-widget-text-editor\" data-id=\"5e66db9\" data-element_type=\"widget\" data-widget_type=\"text-editor.default\">\n\t\t\t\t<div class=\"elementor-widget-container\">\n\t\t\t\t\t\t\t\t\t<p>We would like to thank Lewe Redlin and Bertram Zimmermann for developing the text and daily rate calculator!<\/p>\t\t\t\t\t\t\t\t<\/div>\n\t\t\t\t<\/div>\n\t\t\t\t\t<\/div>\n\t\t<\/div>\n\t\t\t\t\t<\/div>\n\t\t<\/section>\n\t\t\t\t<\/div>","protected":false},"excerpt":{"rendered":"<p>Tagessatz 42: Die Antwort auf alles? Die 42 ist zwar laut Douglas Adams die Antwort auf die allumfassende Frage nach dem Leben, dem Universum und dem ganzen Rest, aber tats\u00e4chlich auch f\u00fcr uns Selbstst\u00e4ndige in der Veranstaltungswirtschaft nicht unerheblich. Ein Pl\u00e4doyer f\u00fcr mehr Mut und unternehmerisches Handeln bei der Gestaltung der Tagess\u00e4tze. Ich liebe meinen [&hellip;]<\/p>\n","protected":false},"author":8,"featured_media":0,"parent":0,"menu_order":0,"comment_status":"closed","ping_status":"closed","template":"","meta":{"_acf_changed":false,"footnotes":""},"class_list":["post-3931","page","type-page","status-publish","hentry"],"acf":[],"_links":{"self":[{"href":"https:\/\/www.isdv.net\/en\/wp-json\/wp\/v2\/pages\/3931","targetHints":{"allow":["GET"]}}],"collection":[{"href":"https:\/\/www.isdv.net\/en\/wp-json\/wp\/v2\/pages"}],"about":[{"href":"https:\/\/www.isdv.net\/en\/wp-json\/wp\/v2\/types\/page"}],"author":[{"embeddable":true,"href":"https:\/\/www.isdv.net\/en\/wp-json\/wp\/v2\/users\/8"}],"replies":[{"embeddable":true,"href":"https:\/\/www.isdv.net\/en\/wp-json\/wp\/v2\/comments?post=3931"}],"version-history":[{"count":10,"href":"https:\/\/www.isdv.net\/en\/wp-json\/wp\/v2\/pages\/3931\/revisions"}],"predecessor-version":[{"id":5218,"href":"https:\/\/www.isdv.net\/en\/wp-json\/wp\/v2\/pages\/3931\/revisions\/5218"}],"wp:attachment":[{"href":"https:\/\/www.isdv.net\/en\/wp-json\/wp\/v2\/media?parent=3931"}],"curies":[{"name":"wp","href":"https:\/\/api.w.org\/{rel}","templated":true}]}}